{"id":8195,"date":"2021-10-16T19:48:21","date_gmt":"2021-10-16T22:48:21","guid":{"rendered":"https:\/\/assulba.com.br\/?post_type=product&#038;p=8195"},"modified":"2024-09-07T22:34:31","modified_gmt":"2024-09-08T01:34:31","slug":"saboneteira-reservatorio-box-clear","status":"publish","type":"product","link":"https:\/\/assulba.com.br\/?product=saboneteira-reservatorio-box-clear","title":{"rendered":"SABONETEIRA RESERVAT\u00d3RIO BOX CLEAR"},"content":{"rendered":"","protected":false},"excerpt":{"rendered":"<p>Saboneteira compacta Infinity Midy, fabricada em policarbonato transparente, com bot\u00e3o e fundo na cor branca. Reservat\u00f3rio para 400ml. Dimens\u00f5es: Altura 13cm x Profundidade 11cm x Largura 8cm.<\/p>\n","protected":false},"featured_media":8196,"template":"","meta":[],"product_brand":[],"product_cat":[22],"product_tag":[83,91,162,95],"class_list":{"0":"post-8195","1":"product","2":"type-product","3":"status-publish","4":"has-post-thumbnail","6":"product_cat-banheiro","7":"product_tag-banheiro","8":"product_tag-dispenser","9":"product_tag-higiene","10":"product_tag-saboneteira","12":"first","13":"instock","14":"featured","15":"shipping-taxable","16":"purchasable","17":"product-type-simple"},"jetpack_sharing_enabled":true,"_links":{"self":[{"href":"https:\/\/assulba.com.br\/index.php?rest_route=\/wp\/v2\/product\/8195","targetHints":{"allow":["GET"]}}],"collection":[{"href":"https:\/\/assulba.com.br\/index.php?rest_route=\/wp\/v2\/product"}],"about":[{"href":"https:\/\/assulba.com.br\/index.php?rest_route=\/wp\/v2\/types\/product"}],"wp:featuredmedia":[{"embeddable":true,"href":"https:\/\/assulba.com.br\/index.php?rest_route=\/wp\/v2\/media\/8196"}],"wp:attachment":[{"href":"https:\/\/assulba.com.br\/index.php?rest_route=%2Fwp%2Fv2%2Fmedia&parent=8195"}],"wp:term":[{"taxonomy":"product_brand","embeddable":true,"href":"https:\/\/assulba.com.br\/index.php?rest_route=%2Fwp%2Fv2%2Fproduct_brand&post=8195"},{"taxonomy":"product_cat","embeddable":true,"href":"https:\/\/assulba.com.br\/index.php?rest_route=%2Fwp%2Fv2%2Fproduct_cat&post=8195"},{"taxonomy":"product_tag","embeddable":true,"href":"https:\/\/assulba.com.br\/index.php?rest_route=%2Fwp%2Fv2%2Fproduct_tag&post=8195"}],"curies":[{"name":"wp","href":"https:\/\/api.w.org\/{rel}","templated":true}]}}