{"id":8188,"date":"2021-10-16T19:23:36","date_gmt":"2021-10-16T22:23:36","guid":{"rendered":"https:\/\/assulba.com.br\/?post_type=product&#038;p=8188"},"modified":"2024-03-17T00:43:46","modified_gmt":"2024-03-17T03:43:46","slug":"porta-papel-higienico-em-rolo-mazzo","status":"publish","type":"product","link":"https:\/\/assulba.com.br\/?product=porta-papel-higienico-em-rolo-mazzo","title":{"rendered":"PORTA PAPEL HIGI\u00caNICO EM ROLO MAZZO"},"content":{"rendered":"","protected":false},"excerpt":{"rendered":"<p>Porta papel higi\u00eanico Mazzo, com capacidade para rolo de at\u00e9 500 metros. Produzido em PSAI branco. Dimens\u00f5es: Altura 30cm x Profundidade 12cm x Largura 26cm.<\/p>\n","protected":false},"featured_media":8189,"template":"","meta":[],"product_brand":[],"product_cat":[22],"product_tag":[83,91,162],"class_list":{"0":"post-8188","1":"product","2":"type-product","3":"status-publish","4":"has-post-thumbnail","6":"product_cat-banheiro","7":"product_tag-banheiro","8":"product_tag-dispenser","9":"product_tag-higiene","11":"first","12":"instock","13":"shipping-taxable","14":"purchasable","15":"product-type-simple"},"jetpack_sharing_enabled":true,"_links":{"self":[{"href":"https:\/\/assulba.com.br\/index.php?rest_route=\/wp\/v2\/product\/8188","targetHints":{"allow":["GET"]}}],"collection":[{"href":"https:\/\/assulba.com.br\/index.php?rest_route=\/wp\/v2\/product"}],"about":[{"href":"https:\/\/assulba.com.br\/index.php?rest_route=\/wp\/v2\/types\/product"}],"wp:featuredmedia":[{"embeddable":true,"href":"https:\/\/assulba.com.br\/index.php?rest_route=\/wp\/v2\/media\/8189"}],"wp:attachment":[{"href":"https:\/\/assulba.com.br\/index.php?rest_route=%2Fwp%2Fv2%2Fmedia&parent=8188"}],"wp:term":[{"taxonomy":"product_brand","embeddable":true,"href":"https:\/\/assulba.com.br\/index.php?rest_route=%2Fwp%2Fv2%2Fproduct_brand&post=8188"},{"taxonomy":"product_cat","embeddable":true,"href":"https:\/\/assulba.com.br\/index.php?rest_route=%2Fwp%2Fv2%2Fproduct_cat&post=8188"},{"taxonomy":"product_tag","embeddable":true,"href":"https:\/\/assulba.com.br\/index.php?rest_route=%2Fwp%2Fv2%2Fproduct_tag&post=8188"}],"curies":[{"name":"wp","href":"https:\/\/api.w.org\/{rel}","templated":true}]}}