{"id":8181,"date":"2021-10-16T18:56:32","date_gmt":"2021-10-16T21:56:32","guid":{"rendered":"https:\/\/assulba.com.br\/?post_type=product&#038;p=8181"},"modified":"2024-03-17T00:43:46","modified_gmt":"2024-03-17T03:43:46","slug":"saboneteira-reservatorio-800ml-mazzo","status":"publish","type":"product","link":"https:\/\/assulba.com.br\/?product=saboneteira-reservatorio-800ml-mazzo","title":{"rendered":"SABONETEIRA RESERVAT\u00d3RIO 800ML MAZZO"},"content":{"rendered":"","protected":false},"excerpt":{"rendered":"<p>Saboneteira Mazzo para sabonete l\u00edquido\/gel ou \u00e1lcool gel, com capacidade para 800 ml. Fabricada em PSAI branco. Dispositivo de sa\u00edda atrav\u00e9s de v\u00e1lvula resistente de mola. Dimens\u00f5es: Altura 23cm x Profundidade 11cm x Largura 11cm.<\/p>\n<p><iframe loading=\"lazy\" width=\"560\" height=\"315\" src=\"https:\/\/www.youtube-nocookie.com\/embed\/S7mTfNqjwyQ\" title=\"YouTube video player\" frameborder=\"0\" allow=\"accelerometer; autoplay; clipboard-write; encrypted-media; gyroscope; picture-in-picture\" allowfullscreen><\/iframe><\/p>\n","protected":false},"featured_media":8182,"template":"","meta":[],"product_brand":[],"product_cat":[22],"product_tag":[83,91,162,95],"class_list":{"0":"post-8181","1":"product","2":"type-product","3":"status-publish","4":"has-post-thumbnail","6":"product_cat-banheiro","7":"product_tag-banheiro","8":"product_tag-dispenser","9":"product_tag-higiene","10":"product_tag-saboneteira","12":"first","13":"instock","14":"shipping-taxable","15":"purchasable","16":"product-type-simple"},"jetpack_sharing_enabled":true,"_links":{"self":[{"href":"https:\/\/assulba.com.br\/index.php?rest_route=\/wp\/v2\/product\/8181","targetHints":{"allow":["GET"]}}],"collection":[{"href":"https:\/\/assulba.com.br\/index.php?rest_route=\/wp\/v2\/product"}],"about":[{"href":"https:\/\/assulba.com.br\/index.php?rest_route=\/wp\/v2\/types\/product"}],"wp:featuredmedia":[{"embeddable":true,"href":"https:\/\/assulba.com.br\/index.php?rest_route=\/wp\/v2\/media\/8182"}],"wp:attachment":[{"href":"https:\/\/assulba.com.br\/index.php?rest_route=%2Fwp%2Fv2%2Fmedia&parent=8181"}],"wp:term":[{"taxonomy":"product_brand","embeddable":true,"href":"https:\/\/assulba.com.br\/index.php?rest_route=%2Fwp%2Fv2%2Fproduct_brand&post=8181"},{"taxonomy":"product_cat","embeddable":true,"href":"https:\/\/assulba.com.br\/index.php?rest_route=%2Fwp%2Fv2%2Fproduct_cat&post=8181"},{"taxonomy":"product_tag","embeddable":true,"href":"https:\/\/assulba.com.br\/index.php?rest_route=%2Fwp%2Fv2%2Fproduct_tag&post=8181"}],"curies":[{"name":"wp","href":"https:\/\/api.w.org\/{rel}","templated":true}]}}