{"id":8106,"date":"2021-10-09T13:38:22","date_gmt":"2021-10-09T16:38:22","guid":{"rendered":"https:\/\/assulba.com.br\/?post_type=product&#038;p=8106"},"modified":"2024-03-17T00:44:27","modified_gmt":"2024-03-17T03:44:27","slug":"carrinho-plataforma-300kg-vonder","status":"publish","type":"product","link":"https:\/\/assulba.com.br\/?product=carrinho-plataforma-300kg-vonder","title":{"rendered":"CARRINHO PLATAFORMA 300KG VONDER"},"content":{"rendered":"","protected":false},"excerpt":{"rendered":"<p>Carro plataforma indicado para diversos tipos de cargas e usos, com capacidade de at\u00e9 300kg. Possui al\u00e7a dobr\u00e1vel para reduzir o espa\u00e7o de armazenagem.<\/p>\n<p>Dimens\u00f5es: comprimento 91cm; largura 61cm, altura 85cm.<br \/>\nMaterial da estrutura: a\u00e7o cabono.<br \/>\nMaterial da plataforma: pl\u00e1stico com ranhuras.<br \/>\nRodas de 5&#8243;<\/p>\n","protected":false},"featured_media":8112,"template":"","meta":[],"product_brand":[],"product_cat":[20],"product_tag":[69,54],"class_list":{"0":"post-8106","1":"product","2":"type-product","3":"status-publish","4":"has-post-thumbnail","6":"product_cat-cat_logistica","7":"product_tag-carga","8":"product_tag-carrinho","10":"first","11":"onbackorder","12":"shipping-taxable","13":"purchasable","14":"product-type-simple"},"jetpack_sharing_enabled":true,"_links":{"self":[{"href":"https:\/\/assulba.com.br\/index.php?rest_route=\/wp\/v2\/product\/8106","targetHints":{"allow":["GET"]}}],"collection":[{"href":"https:\/\/assulba.com.br\/index.php?rest_route=\/wp\/v2\/product"}],"about":[{"href":"https:\/\/assulba.com.br\/index.php?rest_route=\/wp\/v2\/types\/product"}],"wp:featuredmedia":[{"embeddable":true,"href":"https:\/\/assulba.com.br\/index.php?rest_route=\/wp\/v2\/media\/8112"}],"wp:attachment":[{"href":"https:\/\/assulba.com.br\/index.php?rest_route=%2Fwp%2Fv2%2Fmedia&parent=8106"}],"wp:term":[{"taxonomy":"product_brand","embeddable":true,"href":"https:\/\/assulba.com.br\/index.php?rest_route=%2Fwp%2Fv2%2Fproduct_brand&post=8106"},{"taxonomy":"product_cat","embeddable":true,"href":"https:\/\/assulba.com.br\/index.php?rest_route=%2Fwp%2Fv2%2Fproduct_cat&post=8106"},{"taxonomy":"product_tag","embeddable":true,"href":"https:\/\/assulba.com.br\/index.php?rest_route=%2Fwp%2Fv2%2Fproduct_tag&post=8106"}],"curies":[{"name":"wp","href":"https:\/\/api.w.org\/{rel}","templated":true}]}}