{"id":8084,"date":"2021-09-28T00:03:45","date_gmt":"2021-09-28T03:03:45","guid":{"rendered":"https:\/\/assulba.com.br\/?post_type=product&#038;p=8084"},"modified":"2024-03-17T00:44:27","modified_gmt":"2024-03-17T03:44:27","slug":"fita-dupla-face-acrilica-vonder","status":"publish","type":"product","link":"https:\/\/assulba.com.br\/?product=fita-dupla-face-acrilica-vonder","title":{"rendered":"FITA DUPLA FACE ACR\u00cdLICA VONDER"},"content":{"rendered":"","protected":false},"excerpt":{"rendered":"<p>Indicada para fixa\u00e7\u00e3o de quadros de avisos A4 em paredes e elevadores, assim como para fixar dispensadores de \u00e1lcool gel. 12mm x 2m.<\/p>\n","protected":false},"featured_media":8085,"template":"","meta":[],"product_brand":[],"product_cat":[20],"product_tag":[],"class_list":{"0":"post-8084","1":"product","2":"type-product","3":"status-publish","4":"has-post-thumbnail","6":"product_cat-cat_logistica","8":"first","9":"instock","10":"shipping-taxable","11":"purchasable","12":"product-type-simple"},"jetpack_sharing_enabled":true,"_links":{"self":[{"href":"https:\/\/assulba.com.br\/index.php?rest_route=\/wp\/v2\/product\/8084","targetHints":{"allow":["GET"]}}],"collection":[{"href":"https:\/\/assulba.com.br\/index.php?rest_route=\/wp\/v2\/product"}],"about":[{"href":"https:\/\/assulba.com.br\/index.php?rest_route=\/wp\/v2\/types\/product"}],"wp:featuredmedia":[{"embeddable":true,"href":"https:\/\/assulba.com.br\/index.php?rest_route=\/wp\/v2\/media\/8085"}],"wp:attachment":[{"href":"https:\/\/assulba.com.br\/index.php?rest_route=%2Fwp%2Fv2%2Fmedia&parent=8084"}],"wp:term":[{"taxonomy":"product_brand","embeddable":true,"href":"https:\/\/assulba.com.br\/index.php?rest_route=%2Fwp%2Fv2%2Fproduct_brand&post=8084"},{"taxonomy":"product_cat","embeddable":true,"href":"https:\/\/assulba.com.br\/index.php?rest_route=%2Fwp%2Fv2%2Fproduct_cat&post=8084"},{"taxonomy":"product_tag","embeddable":true,"href":"https:\/\/assulba.com.br\/index.php?rest_route=%2Fwp%2Fv2%2Fproduct_tag&post=8084"}],"curies":[{"name":"wp","href":"https:\/\/api.w.org\/{rel}","templated":true}]}}