{"id":7660,"date":"2021-07-03T16:41:45","date_gmt":"2021-07-03T19:41:45","guid":{"rendered":"https:\/\/assulba.com.br\/?post_type=product&#038;p=7660"},"modified":"2024-03-17T00:44:27","modified_gmt":"2024-03-17T03:44:27","slug":"espanador-com-cabo-articulado-bralimpia","status":"publish","type":"product","link":"https:\/\/assulba.com.br\/?product=espanador-com-cabo-articulado-bralimpia","title":{"rendered":"ESPANADOR DE TETO E SUPERF\u00cdCIES PARA CABO EXTENSIVO BRALIMPIA"},"content":{"rendered":"","protected":false},"excerpt":{"rendered":"<p>Espanador Angular da Bralimpia com cabo articulado e com encaixe para cabo extensivo, produzido em polietileno de alta densidade. Suporte articulado que permite uso em tr\u00eas \u00e2ngulos diferentes, com encaixe para acoplamento de cabo telesc\u00f3pico. Esta articula\u00e7\u00e3o o torna ideal para limpeza de tetos ou superf\u00edcies elevadas, como arm\u00e1rios, prateleiras, etc. Possui refil com fios em acr\u00edlico, os quais ret\u00eam a poeira e podem ser higienizados com \u00e1gua, sem perda de qualidade. <\/p>\n","protected":false},"featured_media":7893,"template":"","meta":[],"product_brand":[],"product_cat":[135,309],"product_tag":[131,27],"class_list":{"0":"post-7660","1":"product","2":"type-product","3":"status-publish","4":"has-post-thumbnail","6":"product_cat-cat_limpeza","7":"product_cat-cat_limpeza_seca","8":"product_tag-bralimpia","9":"product_tag-limpeza","11":"first","12":"instock","13":"shipping-taxable","14":"purchasable","15":"product-type-simple"},"jetpack_sharing_enabled":true,"_links":{"self":[{"href":"https:\/\/assulba.com.br\/index.php?rest_route=\/wp\/v2\/product\/7660","targetHints":{"allow":["GET"]}}],"collection":[{"href":"https:\/\/assulba.com.br\/index.php?rest_route=\/wp\/v2\/product"}],"about":[{"href":"https:\/\/assulba.com.br\/index.php?rest_route=\/wp\/v2\/types\/product"}],"wp:featuredmedia":[{"embeddable":true,"href":"https:\/\/assulba.com.br\/index.php?rest_route=\/wp\/v2\/media\/7893"}],"wp:attachment":[{"href":"https:\/\/assulba.com.br\/index.php?rest_route=%2Fwp%2Fv2%2Fmedia&parent=7660"}],"wp:term":[{"taxonomy":"product_brand","embeddable":true,"href":"https:\/\/assulba.com.br\/index.php?rest_route=%2Fwp%2Fv2%2Fproduct_brand&post=7660"},{"taxonomy":"product_cat","embeddable":true,"href":"https:\/\/assulba.com.br\/index.php?rest_route=%2Fwp%2Fv2%2Fproduct_cat&post=7660"},{"taxonomy":"product_tag","embeddable":true,"href":"https:\/\/assulba.com.br\/index.php?rest_route=%2Fwp%2Fv2%2Fproduct_tag&post=7660"}],"curies":[{"name":"wp","href":"https:\/\/api.w.org\/{rel}","templated":true}]}}