{"id":7649,"date":"2021-07-03T15:13:46","date_gmt":"2021-07-03T18:13:46","guid":{"rendered":"https:\/\/assulba.com.br\/?post_type=product&#038;p=7649"},"modified":"2024-03-17T00:44:27","modified_gmt":"2024-03-17T03:44:27","slug":"poste-metalico-bralimpia-para-lixeira-papeleira","status":"publish","type":"product","link":"https:\/\/assulba.com.br\/?product=poste-metalico-bralimpia-para-lixeira-papeleira","title":{"rendered":"POSTE MET\u00c1LICO BRALIMPIA PARA LIXEIRA"},"content":{"rendered":"","protected":false},"excerpt":{"rendered":"<p>Poste met\u00e1lico com pintura eletrost\u00e1tica para lixeiras papeleiras. Projetada para ser fixada com parafusos sobre o piso. Produto da marca Bralimpia.<\/p>\n","protected":false},"featured_media":7650,"template":"","meta":[],"product_brand":[],"product_cat":[21,317,161],"product_tag":[131,70],"class_list":{"0":"post-7649","1":"product","2":"type-product","3":"status-publish","4":"has-post-thumbnail","6":"product_cat-cat_lixeiras","7":"product_cat-cat_demaislixeiras","8":"product_cat-cat_diversos","9":"product_tag-bralimpia","10":"product_tag-lixeiras","12":"first","13":"instock","14":"shipping-taxable","15":"purchasable","16":"product-type-simple"},"jetpack_sharing_enabled":true,"_links":{"self":[{"href":"https:\/\/assulba.com.br\/index.php?rest_route=\/wp\/v2\/product\/7649","targetHints":{"allow":["GET"]}}],"collection":[{"href":"https:\/\/assulba.com.br\/index.php?rest_route=\/wp\/v2\/product"}],"about":[{"href":"https:\/\/assulba.com.br\/index.php?rest_route=\/wp\/v2\/types\/product"}],"wp:featuredmedia":[{"embeddable":true,"href":"https:\/\/assulba.com.br\/index.php?rest_route=\/wp\/v2\/media\/7650"}],"wp:attachment":[{"href":"https:\/\/assulba.com.br\/index.php?rest_route=%2Fwp%2Fv2%2Fmedia&parent=7649"}],"wp:term":[{"taxonomy":"product_brand","embeddable":true,"href":"https:\/\/assulba.com.br\/index.php?rest_route=%2Fwp%2Fv2%2Fproduct_brand&post=7649"},{"taxonomy":"product_cat","embeddable":true,"href":"https:\/\/assulba.com.br\/index.php?rest_route=%2Fwp%2Fv2%2Fproduct_cat&post=7649"},{"taxonomy":"product_tag","embeddable":true,"href":"https:\/\/assulba.com.br\/index.php?rest_route=%2Fwp%2Fv2%2Fproduct_tag&post=7649"}],"curies":[{"name":"wp","href":"https:\/\/api.w.org\/{rel}","templated":true}]}}