{"id":7570,"date":"2021-06-10T19:37:48","date_gmt":"2021-06-10T22:37:48","guid":{"rendered":"https:\/\/assulba.com.br\/?post_type=product&#038;p=7570"},"modified":"2024-03-17T00:44:27","modified_gmt":"2024-03-17T03:44:27","slug":"contentor-120l-jsn","status":"publish","type":"product","link":"https:\/\/assulba.com.br\/?product=contentor-120l-jsn","title":{"rendered":"CONTENTOR 120L EM PEAD (PL\u00c1STICO VIRGEM) E RODAS SCHIOPPA JSN"},"content":{"rendered":"","protected":false},"excerpt":{"rendered":"<p>Contentor 120 litros da JSN, em polietileno de alta densidade, PEAD, injetado, com prote\u00e7\u00e3o UV. Rodas resistentes de borracha, Schioppa, e eixo em a\u00e7o. Dimens\u00f5es (AxLxP): 98cm x 48cm x 55cm.<\/p>\n","protected":false},"featured_media":9069,"template":"","meta":[],"product_brand":[],"product_cat":[315,21],"product_tag":[76,90],"class_list":{"0":"post-7570","1":"product","2":"type-product","3":"status-publish","4":"has-post-thumbnail","6":"product_cat-cat_contentores","7":"product_cat-cat_lixeiras","8":"product_tag-contentor","9":"product_tag-lixeiras-com-rodas","11":"first","12":"instock","13":"shipping-taxable","14":"purchasable","15":"product-type-simple"},"jetpack_sharing_enabled":true,"_links":{"self":[{"href":"https:\/\/assulba.com.br\/index.php?rest_route=\/wp\/v2\/product\/7570","targetHints":{"allow":["GET"]}}],"collection":[{"href":"https:\/\/assulba.com.br\/index.php?rest_route=\/wp\/v2\/product"}],"about":[{"href":"https:\/\/assulba.com.br\/index.php?rest_route=\/wp\/v2\/types\/product"}],"wp:featuredmedia":[{"embeddable":true,"href":"https:\/\/assulba.com.br\/index.php?rest_route=\/wp\/v2\/media\/9069"}],"wp:attachment":[{"href":"https:\/\/assulba.com.br\/index.php?rest_route=%2Fwp%2Fv2%2Fmedia&parent=7570"}],"wp:term":[{"taxonomy":"product_brand","embeddable":true,"href":"https:\/\/assulba.com.br\/index.php?rest_route=%2Fwp%2Fv2%2Fproduct_brand&post=7570"},{"taxonomy":"product_cat","embeddable":true,"href":"https:\/\/assulba.com.br\/index.php?rest_route=%2Fwp%2Fv2%2Fproduct_cat&post=7570"},{"taxonomy":"product_tag","embeddable":true,"href":"https:\/\/assulba.com.br\/index.php?rest_route=%2Fwp%2Fv2%2Fproduct_tag&post=7570"}],"curies":[{"name":"wp","href":"https:\/\/api.w.org\/{rel}","templated":true}]}}