{"id":7501,"date":"2021-06-05T15:37:22","date_gmt":"2021-06-05T18:37:22","guid":{"rendered":"https:\/\/assulba.com.br\/?post_type=product&#038;p=7501"},"modified":"2024-03-17T00:44:27","modified_gmt":"2024-03-17T03:44:27","slug":"roda-original-schioppa-200mm-para-contentores","status":"publish","type":"product","link":"https:\/\/assulba.com.br\/?product=roda-original-schioppa-200mm-para-contentores","title":{"rendered":"RODA ORIGINAL SCHIOPPA 200MM PARA CONTENTORES"},"content":{"rendered":"","protected":false},"excerpt":{"rendered":"<p>Roda de 200mm (pequena) da Schioppa para contentores \u00e9 reconhecida no mercado. Inclusive, s\u00e3o utilizadas pela f\u00e1brica Contemar, cujos contentores possuem garantida de 2 anos. A marca Schioppa fica gravada na roda, garantindo a autenticidade do produto.<\/p>\n","protected":false},"featured_media":7502,"template":"","meta":[],"product_brand":[],"product_cat":[161],"product_tag":[77,142,76,90],"class_list":{"0":"post-7501","1":"product","2":"type-product","3":"status-publish","4":"has-post-thumbnail","6":"product_cat-cat_diversos","7":"product_tag-container","8":"product_tag-contemar","9":"product_tag-contentor","10":"product_tag-lixeiras-com-rodas","12":"first","13":"instock","14":"shipping-taxable","15":"purchasable","16":"product-type-simple"},"jetpack_sharing_enabled":true,"_links":{"self":[{"href":"https:\/\/assulba.com.br\/index.php?rest_route=\/wp\/v2\/product\/7501","targetHints":{"allow":["GET"]}}],"collection":[{"href":"https:\/\/assulba.com.br\/index.php?rest_route=\/wp\/v2\/product"}],"about":[{"href":"https:\/\/assulba.com.br\/index.php?rest_route=\/wp\/v2\/types\/product"}],"wp:featuredmedia":[{"embeddable":true,"href":"https:\/\/assulba.com.br\/index.php?rest_route=\/wp\/v2\/media\/7502"}],"wp:attachment":[{"href":"https:\/\/assulba.com.br\/index.php?rest_route=%2Fwp%2Fv2%2Fmedia&parent=7501"}],"wp:term":[{"taxonomy":"product_brand","embeddable":true,"href":"https:\/\/assulba.com.br\/index.php?rest_route=%2Fwp%2Fv2%2Fproduct_brand&post=7501"},{"taxonomy":"product_cat","embeddable":true,"href":"https:\/\/assulba.com.br\/index.php?rest_route=%2Fwp%2Fv2%2Fproduct_cat&post=7501"},{"taxonomy":"product_tag","embeddable":true,"href":"https:\/\/assulba.com.br\/index.php?rest_route=%2Fwp%2Fv2%2Fproduct_tag&post=7501"}],"curies":[{"name":"wp","href":"https:\/\/api.w.org\/{rel}","templated":true}]}}