{"id":7455,"date":"2021-06-04T22:22:06","date_gmt":"2021-06-05T01:22:06","guid":{"rendered":"https:\/\/assulba.com.br\/?post_type=product&#038;p=7455"},"modified":"2024-03-17T00:44:27","modified_gmt":"2024-03-17T03:44:27","slug":"armario-em-aco-carbono-pintado-vonder","status":"publish","type":"product","link":"https:\/\/assulba.com.br\/?product=armario-em-aco-carbono-pintado-vonder","title":{"rendered":"ARM\u00c1RIO EM A\u00c7O CARBONO PINTADO VONDER"},"content":{"rendered":"","protected":false},"excerpt":{"rendered":"<p>Arm\u00e1rio para parede em a\u00e7o carbono pintado, Vonder, \u00e9 indicado para guardar objetos como ferramentas e outros utens\u00edlios. Suporta objetos pesados. Possui fechadura com chave e uma prateleira interna. Dimens\u00f5es 58cm x 60cm x 27cm.<\/p>\n","protected":false},"featured_media":7456,"template":"","meta":[],"product_brand":[],"product_cat":[20],"product_tag":[301,34,127],"class_list":{"0":"post-7455","1":"product","2":"type-product","3":"status-publish","4":"has-post-thumbnail","6":"product_cat-cat_logistica","7":"product_tag-armario","8":"product_tag-ferramenta","9":"product_tag-seguranca","11":"first","12":"instock","13":"shipping-taxable","14":"purchasable","15":"product-type-simple"},"jetpack_sharing_enabled":true,"_links":{"self":[{"href":"https:\/\/assulba.com.br\/index.php?rest_route=\/wp\/v2\/product\/7455","targetHints":{"allow":["GET"]}}],"collection":[{"href":"https:\/\/assulba.com.br\/index.php?rest_route=\/wp\/v2\/product"}],"about":[{"href":"https:\/\/assulba.com.br\/index.php?rest_route=\/wp\/v2\/types\/product"}],"wp:featuredmedia":[{"embeddable":true,"href":"https:\/\/assulba.com.br\/index.php?rest_route=\/wp\/v2\/media\/7456"}],"wp:attachment":[{"href":"https:\/\/assulba.com.br\/index.php?rest_route=%2Fwp%2Fv2%2Fmedia&parent=7455"}],"wp:term":[{"taxonomy":"product_brand","embeddable":true,"href":"https:\/\/assulba.com.br\/index.php?rest_route=%2Fwp%2Fv2%2Fproduct_brand&post=7455"},{"taxonomy":"product_cat","embeddable":true,"href":"https:\/\/assulba.com.br\/index.php?rest_route=%2Fwp%2Fv2%2Fproduct_cat&post=7455"},{"taxonomy":"product_tag","embeddable":true,"href":"https:\/\/assulba.com.br\/index.php?rest_route=%2Fwp%2Fv2%2Fproduct_tag&post=7455"}],"curies":[{"name":"wp","href":"https:\/\/api.w.org\/{rel}","templated":true}]}}