{"id":7439,"date":"2021-06-03T20:58:02","date_gmt":"2021-06-03T23:58:02","guid":{"rendered":"https:\/\/assulba.com.br\/?post_type=product&#038;p=7439"},"modified":"2024-03-17T00:44:27","modified_gmt":"2024-03-17T03:44:27","slug":"regador-plastico-5l-nove54","status":"publish","type":"product","link":"https:\/\/assulba.com.br\/?product=regador-plastico-5l-nove54","title":{"rendered":"REGADOR PL\u00c1STICO 5L NOVE54"},"content":{"rendered":"","protected":false},"excerpt":{"rendered":"<p>Regador pl\u00e1stico com capacidade para 5 litros. Indicado para jardinagem e limpeza. Possui bico tipo ducha, ou crivo, remov\u00edvel. Material polipropileno. Cor vermelha.<\/p>\n","protected":false},"featured_media":7440,"template":"","meta":[],"product_brand":[],"product_cat":[313],"product_tag":[35,27],"class_list":{"0":"post-7439","1":"product","2":"type-product","3":"status-publish","4":"has-post-thumbnail","6":"product_cat-cat_jardinagem","7":"product_tag-jardim","8":"product_tag-limpeza","10":"first","11":"instock","12":"shipping-taxable","13":"purchasable","14":"product-type-simple"},"jetpack_sharing_enabled":true,"_links":{"self":[{"href":"https:\/\/assulba.com.br\/index.php?rest_route=\/wp\/v2\/product\/7439","targetHints":{"allow":["GET"]}}],"collection":[{"href":"https:\/\/assulba.com.br\/index.php?rest_route=\/wp\/v2\/product"}],"about":[{"href":"https:\/\/assulba.com.br\/index.php?rest_route=\/wp\/v2\/types\/product"}],"wp:featuredmedia":[{"embeddable":true,"href":"https:\/\/assulba.com.br\/index.php?rest_route=\/wp\/v2\/media\/7440"}],"wp:attachment":[{"href":"https:\/\/assulba.com.br\/index.php?rest_route=%2Fwp%2Fv2%2Fmedia&parent=7439"}],"wp:term":[{"taxonomy":"product_brand","embeddable":true,"href":"https:\/\/assulba.com.br\/index.php?rest_route=%2Fwp%2Fv2%2Fproduct_brand&post=7439"},{"taxonomy":"product_cat","embeddable":true,"href":"https:\/\/assulba.com.br\/index.php?rest_route=%2Fwp%2Fv2%2Fproduct_cat&post=7439"},{"taxonomy":"product_tag","embeddable":true,"href":"https:\/\/assulba.com.br\/index.php?rest_route=%2Fwp%2Fv2%2Fproduct_tag&post=7439"}],"curies":[{"name":"wp","href":"https:\/\/api.w.org\/{rel}","templated":true}]}}