{"id":7399,"date":"2021-06-03T15:04:12","date_gmt":"2021-06-03T18:04:12","guid":{"rendered":"https:\/\/assulba.com.br\/?post_type=product&#038;p=7399"},"modified":"2024-03-17T00:44:28","modified_gmt":"2024-03-17T03:44:28","slug":"banco-de-jardim-15m-ipe-ecologico","status":"publish","type":"product","link":"https:\/\/assulba.com.br\/?product=banco-de-jardim-15m-ipe-ecologico","title":{"rendered":"BANCO EM MADEIRA ECOL\u00d3GICA"},"content":{"rendered":"","protected":false},"excerpt":{"rendered":"<p>Banco ecol\u00f3gico de jardim, com 150 cm de comprimento, produzido em madeira pl\u00e1stica. Al\u00e9m de contribuir com a preserva\u00e7\u00e3o do meio ambiente, a madeira pl\u00e1stica \u00e9 mais dur\u00e1vel que a madeira natural, podendo ser exposta ao sol e \u00e0 chuva sem precisar de manuten\u00e7\u00e3o.<\/p>\n","protected":false},"featured_media":8964,"template":"","meta":[],"product_brand":[],"product_cat":[159],"product_tag":[35,64],"class_list":{"0":"post-7399","1":"product","2":"type-product","3":"status-publish","4":"has-post-thumbnail","6":"product_cat-cat_moveis_play","7":"product_tag-jardim","8":"product_tag-moveis","10":"first","11":"instock","12":"shipping-taxable","13":"purchasable","14":"product-type-simple"},"jetpack_sharing_enabled":true,"_links":{"self":[{"href":"https:\/\/assulba.com.br\/index.php?rest_route=\/wp\/v2\/product\/7399","targetHints":{"allow":["GET"]}}],"collection":[{"href":"https:\/\/assulba.com.br\/index.php?rest_route=\/wp\/v2\/product"}],"about":[{"href":"https:\/\/assulba.com.br\/index.php?rest_route=\/wp\/v2\/types\/product"}],"wp:featuredmedia":[{"embeddable":true,"href":"https:\/\/assulba.com.br\/index.php?rest_route=\/wp\/v2\/media\/8964"}],"wp:attachment":[{"href":"https:\/\/assulba.com.br\/index.php?rest_route=%2Fwp%2Fv2%2Fmedia&parent=7399"}],"wp:term":[{"taxonomy":"product_brand","embeddable":true,"href":"https:\/\/assulba.com.br\/index.php?rest_route=%2Fwp%2Fv2%2Fproduct_brand&post=7399"},{"taxonomy":"product_cat","embeddable":true,"href":"https:\/\/assulba.com.br\/index.php?rest_route=%2Fwp%2Fv2%2Fproduct_cat&post=7399"},{"taxonomy":"product_tag","embeddable":true,"href":"https:\/\/assulba.com.br\/index.php?rest_route=%2Fwp%2Fv2%2Fproduct_tag&post=7399"}],"curies":[{"name":"wp","href":"https:\/\/api.w.org\/{rel}","templated":true}]}}