{"id":7255,"date":"2021-05-23T21:05:53","date_gmt":"2021-05-24T00:05:53","guid":{"rendered":"https:\/\/assulba.com.br\/?post_type=product&#038;p=7255"},"modified":"2024-03-17T00:44:28","modified_gmt":"2024-03-17T03:44:28","slug":"balde-translucido-graduado-20l-plasvale","status":"publish","type":"product","link":"https:\/\/assulba.com.br\/?product=balde-translucido-graduado-20l-plasvale","title":{"rendered":"BALDE TRANSL\u00daCIDO GRADUADO 16L PLASVALE"},"content":{"rendered":"","protected":false},"excerpt":{"rendered":"<p>Balde pl\u00e1stico transl\u00facido com 16 litros. Possui marcas indicativas de medida do volume. Marca Plasvale.<\/p>\n","protected":false},"featured_media":8732,"template":"","meta":[],"product_brand":[],"product_cat":[135,311],"product_tag":[108,27],"class_list":{"0":"post-7255","1":"product","2":"type-product","3":"status-publish","4":"has-post-thumbnail","6":"product_cat-cat_limpeza","7":"product_cat-cat_baldes_e_carros","8":"product_tag-balde","9":"product_tag-limpeza","11":"first","12":"instock","13":"shipping-taxable","14":"purchasable","15":"product-type-simple"},"jetpack_sharing_enabled":true,"_links":{"self":[{"href":"https:\/\/assulba.com.br\/index.php?rest_route=\/wp\/v2\/product\/7255","targetHints":{"allow":["GET"]}}],"collection":[{"href":"https:\/\/assulba.com.br\/index.php?rest_route=\/wp\/v2\/product"}],"about":[{"href":"https:\/\/assulba.com.br\/index.php?rest_route=\/wp\/v2\/types\/product"}],"wp:featuredmedia":[{"embeddable":true,"href":"https:\/\/assulba.com.br\/index.php?rest_route=\/wp\/v2\/media\/8732"}],"wp:attachment":[{"href":"https:\/\/assulba.com.br\/index.php?rest_route=%2Fwp%2Fv2%2Fmedia&parent=7255"}],"wp:term":[{"taxonomy":"product_brand","embeddable":true,"href":"https:\/\/assulba.com.br\/index.php?rest_route=%2Fwp%2Fv2%2Fproduct_brand&post=7255"},{"taxonomy":"product_cat","embeddable":true,"href":"https:\/\/assulba.com.br\/index.php?rest_route=%2Fwp%2Fv2%2Fproduct_cat&post=7255"},{"taxonomy":"product_tag","embeddable":true,"href":"https:\/\/assulba.com.br\/index.php?rest_route=%2Fwp%2Fv2%2Fproduct_tag&post=7255"}],"curies":[{"name":"wp","href":"https:\/\/api.w.org\/{rel}","templated":true}]}}