{"id":7242,"date":"2021-05-23T17:06:09","date_gmt":"2021-05-23T20:06:09","guid":{"rendered":"https:\/\/assulba.com.br\/?post_type=product&#038;p=7242"},"modified":"2024-03-17T00:44:28","modified_gmt":"2024-03-17T03:44:28","slug":"cesto-funcional-para-limpeza-bralimpia","status":"publish","type":"product","link":"https:\/\/assulba.com.br\/?product=cesto-funcional-para-limpeza-bralimpia","title":{"rendered":"CESTO FUNCIONAL PARA LIMPEZA BRALIMPIA"},"content":{"rendered":"","protected":false},"excerpt":{"rendered":"<p>O Cesto Funcional para Limpeza, Bralimpia, \u00e9 voltado para o transporte e acondicionamento de utens\u00edlios e produtos de limpeza. Produzido com material pl\u00e1stico resistente aos qu\u00edmicos e a rupturas, seu formato tamb\u00e9m ad\u00e9qua-se perfeitamente \u00e0 bandeja do Carro Funcional.<\/p>\n","protected":false},"featured_media":7243,"template":"","meta":[],"product_brand":[],"product_cat":[135,311,310],"product_tag":[131,54,34,27,146],"class_list":{"0":"post-7242","1":"product","2":"type-product","3":"status-publish","4":"has-post-thumbnail","6":"product_cat-cat_limpeza","7":"product_cat-cat_baldes_e_carros","8":"product_cat-cat_limpeza_umida","9":"product_tag-bralimpia","10":"product_tag-carrinho","11":"product_tag-ferramenta","12":"product_tag-limpeza","13":"product_tag-produto-de-limpeza","15":"first","16":"instock","17":"shipping-taxable","18":"purchasable","19":"product-type-simple"},"jetpack_sharing_enabled":true,"_links":{"self":[{"href":"https:\/\/assulba.com.br\/index.php?rest_route=\/wp\/v2\/product\/7242","targetHints":{"allow":["GET"]}}],"collection":[{"href":"https:\/\/assulba.com.br\/index.php?rest_route=\/wp\/v2\/product"}],"about":[{"href":"https:\/\/assulba.com.br\/index.php?rest_route=\/wp\/v2\/types\/product"}],"wp:featuredmedia":[{"embeddable":true,"href":"https:\/\/assulba.com.br\/index.php?rest_route=\/wp\/v2\/media\/7243"}],"wp:attachment":[{"href":"https:\/\/assulba.com.br\/index.php?rest_route=%2Fwp%2Fv2%2Fmedia&parent=7242"}],"wp:term":[{"taxonomy":"product_brand","embeddable":true,"href":"https:\/\/assulba.com.br\/index.php?rest_route=%2Fwp%2Fv2%2Fproduct_brand&post=7242"},{"taxonomy":"product_cat","embeddable":true,"href":"https:\/\/assulba.com.br\/index.php?rest_route=%2Fwp%2Fv2%2Fproduct_cat&post=7242"},{"taxonomy":"product_tag","embeddable":true,"href":"https:\/\/assulba.com.br\/index.php?rest_route=%2Fwp%2Fv2%2Fproduct_tag&post=7242"}],"curies":[{"name":"wp","href":"https:\/\/api.w.org\/{rel}","templated":true}]}}