{"id":7226,"date":"2021-05-23T16:16:07","date_gmt":"2021-05-23T19:16:07","guid":{"rendered":"https:\/\/assulba.com.br\/?post_type=product&#038;p=7226"},"modified":"2024-03-17T00:44:28","modified_gmt":"2024-03-17T03:44:28","slug":"lixeira-com-pedal-100l-bralimpia","status":"publish","type":"product","link":"https:\/\/assulba.com.br\/?product=lixeira-com-pedal-100l-bralimpia","title":{"rendered":"LIXEIRA COM PEDAL 100L BRALIMPIA"},"content":{"rendered":"","protected":false},"excerpt":{"rendered":"<p>A lixeira de 100 litros com pedal da Bralimpia foi projetada para uso intenso, pr\u00f3prio de espa\u00e7os comerciais, condom\u00ednios, restaurantes, hospitais, entre outros, nas \u00e1reas internas e externas. Medidas: 86cm alt.; 84cm larg.; 58cm comp.<\/p>\n","protected":false},"featured_media":7283,"template":"","meta":[],"product_brand":[],"product_cat":[21,316],"product_tag":[131,70,72],"class_list":{"0":"post-7226","1":"product","2":"type-product","3":"status-publish","4":"has-post-thumbnail","6":"product_cat-cat_lixeiras","7":"product_cat-cat_plast-pedal","8":"product_tag-bralimpia","9":"product_tag-lixeiras","10":"product_tag-pedal","12":"first","13":"instock","14":"shipping-taxable","15":"purchasable","16":"product-type-simple"},"jetpack_sharing_enabled":true,"_links":{"self":[{"href":"https:\/\/assulba.com.br\/index.php?rest_route=\/wp\/v2\/product\/7226","targetHints":{"allow":["GET"]}}],"collection":[{"href":"https:\/\/assulba.com.br\/index.php?rest_route=\/wp\/v2\/product"}],"about":[{"href":"https:\/\/assulba.com.br\/index.php?rest_route=\/wp\/v2\/types\/product"}],"wp:featuredmedia":[{"embeddable":true,"href":"https:\/\/assulba.com.br\/index.php?rest_route=\/wp\/v2\/media\/7283"}],"wp:attachment":[{"href":"https:\/\/assulba.com.br\/index.php?rest_route=%2Fwp%2Fv2%2Fmedia&parent=7226"}],"wp:term":[{"taxonomy":"product_brand","embeddable":true,"href":"https:\/\/assulba.com.br\/index.php?rest_route=%2Fwp%2Fv2%2Fproduct_brand&post=7226"},{"taxonomy":"product_cat","embeddable":true,"href":"https:\/\/assulba.com.br\/index.php?rest_route=%2Fwp%2Fv2%2Fproduct_cat&post=7226"},{"taxonomy":"product_tag","embeddable":true,"href":"https:\/\/assulba.com.br\/index.php?rest_route=%2Fwp%2Fv2%2Fproduct_tag&post=7226"}],"curies":[{"name":"wp","href":"https:\/\/api.w.org\/{rel}","templated":true}]}}