{"id":7221,"date":"2021-05-23T15:28:24","date_gmt":"2021-05-23T18:28:24","guid":{"rendered":"https:\/\/assulba.com.br\/?post_type=product&#038;p=7221"},"modified":"2024-03-17T00:44:28","modified_gmt":"2024-03-17T03:44:28","slug":"lixeira-com-pedal-30l-e-60l-bralimpia","status":"publish","type":"product","link":"https:\/\/assulba.com.br\/?product=lixeira-com-pedal-30l-e-60l-bralimpia","title":{"rendered":"LIXEIRAS COM PEDAL 60L E 30L BRALIMPIA"},"content":{"rendered":"","protected":false},"excerpt":{"rendered":"<p>Lixeira com pedal de alta durabilidade da Bralimpia, design dispon\u00edvel nas vers\u00f5es de 30L e 60L. Indicada para \u00e1reas internas e externas de condom\u00ednios, hospitais, espa\u00e7os comerciais, laborat\u00f3rios e restaurantes.<\/p>\n","protected":false},"featured_media":8745,"template":"","meta":[],"product_brand":[],"product_cat":[21,316],"product_tag":[131,70,72],"class_list":{"0":"post-7221","1":"product","2":"type-product","3":"status-publish","4":"has-post-thumbnail","6":"product_cat-cat_lixeiras","7":"product_cat-cat_plast-pedal","8":"product_tag-bralimpia","9":"product_tag-lixeiras","10":"product_tag-pedal","12":"first","13":"instock","14":"shipping-taxable","15":"purchasable","16":"product-type-variable"},"jetpack_sharing_enabled":true,"_links":{"self":[{"href":"https:\/\/assulba.com.br\/index.php?rest_route=\/wp\/v2\/product\/7221","targetHints":{"allow":["GET"]}}],"collection":[{"href":"https:\/\/assulba.com.br\/index.php?rest_route=\/wp\/v2\/product"}],"about":[{"href":"https:\/\/assulba.com.br\/index.php?rest_route=\/wp\/v2\/types\/product"}],"wp:featuredmedia":[{"embeddable":true,"href":"https:\/\/assulba.com.br\/index.php?rest_route=\/wp\/v2\/media\/8745"}],"wp:attachment":[{"href":"https:\/\/assulba.com.br\/index.php?rest_route=%2Fwp%2Fv2%2Fmedia&parent=7221"}],"wp:term":[{"taxonomy":"product_brand","embeddable":true,"href":"https:\/\/assulba.com.br\/index.php?rest_route=%2Fwp%2Fv2%2Fproduct_brand&post=7221"},{"taxonomy":"product_cat","embeddable":true,"href":"https:\/\/assulba.com.br\/index.php?rest_route=%2Fwp%2Fv2%2Fproduct_cat&post=7221"},{"taxonomy":"product_tag","embeddable":true,"href":"https:\/\/assulba.com.br\/index.php?rest_route=%2Fwp%2Fv2%2Fproduct_tag&post=7221"}],"curies":[{"name":"wp","href":"https:\/\/api.w.org\/{rel}","templated":true}]}}