{"id":7213,"date":"2021-05-23T12:28:51","date_gmt":"2021-05-23T15:28:51","guid":{"rendered":"https:\/\/assulba.com.br\/?post_type=product&#038;p=7213"},"modified":"2024-03-17T00:44:28","modified_gmt":"2024-03-17T03:44:28","slug":"armacao-para-mop-plano-umido-bralimpia","status":"publish","type":"product","link":"https:\/\/assulba.com.br\/?product=armacao-para-mop-plano-umido-bralimpia","title":{"rendered":"ARMA\u00c7\u00c3O PARA MOP PLANO \u00daMIDO 40CM BRAL\u00cdMPIA"},"content":{"rendered":"","protected":false},"excerpt":{"rendered":"<p>Arma\u00e7\u00e3o pl\u00e1stica utilizada com o Refil Mop \u00damido Plano (dispon\u00edvel na loja). Possui articula\u00e7\u00f5es que permitem que seja dobrada, para a remo\u00e7\u00e3o da \u00e1gua por espremedores horizontais, dos baldes espremedores 20 e 30 Flex, da Bralimpia. Proporciona maior economia e efici\u00eancia na limpeza, por sua press\u00e3o uniforme sobre a superf\u00edcie. Indicado para uso profissional. Largura 40cm.<\/p>\n<p><iframe loading=\"lazy\" width=\"560\" height=\"315\" src=\"https:\/\/www.youtube-nocookie.com\/embed\/78-TWtqpzRw\" title=\"YouTube video player\" frameborder=\"0\" allow=\"accelerometer; autoplay; clipboard-write; encrypted-media; gyroscope; picture-in-picture\" allowfullscreen><\/iframe><\/p>\n","protected":false},"featured_media":8773,"template":"","meta":[],"product_brand":[],"product_cat":[135,310],"product_tag":[131,27,110,130],"class_list":{"0":"post-7213","1":"product","2":"type-product","3":"status-publish","4":"has-post-thumbnail","6":"product_cat-cat_limpeza","7":"product_cat-cat_limpeza_umida","8":"product_tag-bralimpia","9":"product_tag-limpeza","10":"product_tag-mops","11":"product_tag-suportes","13":"first","14":"instock","15":"shipping-taxable","16":"purchasable","17":"product-type-simple"},"jetpack_sharing_enabled":true,"_links":{"self":[{"href":"https:\/\/assulba.com.br\/index.php?rest_route=\/wp\/v2\/product\/7213","targetHints":{"allow":["GET"]}}],"collection":[{"href":"https:\/\/assulba.com.br\/index.php?rest_route=\/wp\/v2\/product"}],"about":[{"href":"https:\/\/assulba.com.br\/index.php?rest_route=\/wp\/v2\/types\/product"}],"wp:featuredmedia":[{"embeddable":true,"href":"https:\/\/assulba.com.br\/index.php?rest_route=\/wp\/v2\/media\/8773"}],"wp:attachment":[{"href":"https:\/\/assulba.com.br\/index.php?rest_route=%2Fwp%2Fv2%2Fmedia&parent=7213"}],"wp:term":[{"taxonomy":"product_brand","embeddable":true,"href":"https:\/\/assulba.com.br\/index.php?rest_route=%2Fwp%2Fv2%2Fproduct_brand&post=7213"},{"taxonomy":"product_cat","embeddable":true,"href":"https:\/\/assulba.com.br\/index.php?rest_route=%2Fwp%2Fv2%2Fproduct_cat&post=7213"},{"taxonomy":"product_tag","embeddable":true,"href":"https:\/\/assulba.com.br\/index.php?rest_route=%2Fwp%2Fv2%2Fproduct_tag&post=7213"}],"curies":[{"name":"wp","href":"https:\/\/api.w.org\/{rel}","templated":true}]}}