{"id":7198,"date":"2021-05-22T17:46:29","date_gmt":"2021-05-22T20:46:29","guid":{"rendered":"https:\/\/assulba.com.br\/?post_type=product&#038;p=7198"},"modified":"2024-03-17T00:44:28","modified_gmt":"2024-03-17T03:44:28","slug":"refil-luva-para-lavador-de-vidros-bralimpia","status":"publish","type":"product","link":"https:\/\/assulba.com.br\/?product=refil-luva-para-lavador-de-vidros-bralimpia","title":{"rendered":"REFIL\/LUVA PARA LAVADOR DE VIDROS BRAL\u00cdMPIA"},"content":{"rendered":"","protected":false},"excerpt":{"rendered":"<p>Refil ou luva em fibras acr\u00edlicas para limpeza de vidros. Dispon\u00edveis por unidade, para substitui\u00e7\u00e3o dos refis velhos de Lavadores de Vidros ou Rodos Combinados 2 em 1, da Bralimpia.<br \/>\nOp\u00e7\u00f5es de tamanhos: 35cm e 25cm.<\/p>\n<p><iframe loading=\"lazy\" width=\"560\" height=\"315\" src=\"https:\/\/www.youtube-nocookie.com\/embed\/FPpIwHAdoGc\" title=\"YouTube video player\" frameborder=\"0\" allow=\"accelerometer; autoplay; clipboard-write; encrypted-media; gyroscope; picture-in-picture\" allowfullscreen><\/iframe><\/p>\n","protected":false},"featured_media":7241,"template":"","meta":[],"product_brand":[],"product_cat":[135,310],"product_tag":[131,27,112],"class_list":{"0":"post-7198","1":"product","2":"type-product","3":"status-publish","4":"has-post-thumbnail","6":"product_cat-cat_limpeza","7":"product_cat-cat_limpeza_umida","8":"product_tag-bralimpia","9":"product_tag-limpeza","10":"product_tag-refis","12":"first","13":"instock","14":"shipping-taxable","15":"purchasable","16":"product-type-simple"},"jetpack_sharing_enabled":true,"_links":{"self":[{"href":"https:\/\/assulba.com.br\/index.php?rest_route=\/wp\/v2\/product\/7198","targetHints":{"allow":["GET"]}}],"collection":[{"href":"https:\/\/assulba.com.br\/index.php?rest_route=\/wp\/v2\/product"}],"about":[{"href":"https:\/\/assulba.com.br\/index.php?rest_route=\/wp\/v2\/types\/product"}],"wp:featuredmedia":[{"embeddable":true,"href":"https:\/\/assulba.com.br\/index.php?rest_route=\/wp\/v2\/media\/7241"}],"wp:attachment":[{"href":"https:\/\/assulba.com.br\/index.php?rest_route=%2Fwp%2Fv2%2Fmedia&parent=7198"}],"wp:term":[{"taxonomy":"product_brand","embeddable":true,"href":"https:\/\/assulba.com.br\/index.php?rest_route=%2Fwp%2Fv2%2Fproduct_brand&post=7198"},{"taxonomy":"product_cat","embeddable":true,"href":"https:\/\/assulba.com.br\/index.php?rest_route=%2Fwp%2Fv2%2Fproduct_cat&post=7198"},{"taxonomy":"product_tag","embeddable":true,"href":"https:\/\/assulba.com.br\/index.php?rest_route=%2Fwp%2Fv2%2Fproduct_tag&post=7198"}],"curies":[{"name":"wp","href":"https:\/\/api.w.org\/{rel}","templated":true}]}}