{"id":7187,"date":"2021-05-22T17:06:03","date_gmt":"2021-05-22T20:06:03","guid":{"rendered":"https:\/\/assulba.com.br\/?post_type=product&#038;p=7187"},"modified":"2024-03-17T00:44:28","modified_gmt":"2024-03-17T03:44:28","slug":"balde-espremedor-doblo-30-flex-bralimpia","status":"publish","type":"product","link":"https:\/\/assulba.com.br\/?product=balde-espremedor-doblo-30-flex-bralimpia","title":{"rendered":"BALDE ESPREMEDOR DOBL\u00d4 30 FLEX BRALIMPIA"},"content":{"rendered":"","protected":false},"excerpt":{"rendered":"<p>O Balde Espremedor Dobl\u00f4 30 Flex \u00e9 um dos lan\u00e7amentos recentes da Bralimpia. Indicado para uso profissional, \u00e9 altamente resistente. Assim como os outros baldes da marca, possui sistema duas \u00e1guas, ou seja, divis\u00f3rias que separam a \u00e1gua suja da \u00e1gua com produtos de limpeza, proporcionando maior economia e aumentando a efici\u00eancia da tarefa. Possui sistema de drenagem que permite o despejo da \u00e1gua diretamente em ralos, evitando a dissemina\u00e7\u00e3o de res\u00edduos que podem contaminar o ambiente no momento do descarte dos l\u00edquidos. Por fim, o formato de seu espremedor permite, al\u00e9m do uso de mops \u00famidos tradicionais, o modelo plano de mop.<br \/>\nAltura 70cm; largura 36cm; comprimento 56cm. Peso 4 kg.<\/p>\n<p><iframe loading=\"lazy\" width=\"560\" height=\"315\" src=\"https:\/\/www.youtube-nocookie.com\/embed\/78-TWtqpzRw\" title=\"YouTube video player\" frameborder=\"0\" allow=\"accelerometer; autoplay; clipboard-write; encrypted-media; gyroscope; picture-in-picture\" allowfullscreen><\/iframe><\/p>\n","protected":false},"featured_media":7188,"template":"","meta":[],"product_brand":[],"product_cat":[311,135],"product_tag":[108,131,27],"class_list":{"0":"post-7187","1":"product","2":"type-product","3":"status-publish","4":"has-post-thumbnail","6":"product_cat-cat_baldes_e_carros","7":"product_cat-cat_limpeza","8":"product_tag-balde","9":"product_tag-bralimpia","10":"product_tag-limpeza","12":"first","13":"instock","14":"shipping-taxable","15":"purchasable","16":"product-type-simple"},"jetpack_sharing_enabled":true,"_links":{"self":[{"href":"https:\/\/assulba.com.br\/index.php?rest_route=\/wp\/v2\/product\/7187","targetHints":{"allow":["GET"]}}],"collection":[{"href":"https:\/\/assulba.com.br\/index.php?rest_route=\/wp\/v2\/product"}],"about":[{"href":"https:\/\/assulba.com.br\/index.php?rest_route=\/wp\/v2\/types\/product"}],"wp:featuredmedia":[{"embeddable":true,"href":"https:\/\/assulba.com.br\/index.php?rest_route=\/wp\/v2\/media\/7188"}],"wp:attachment":[{"href":"https:\/\/assulba.com.br\/index.php?rest_route=%2Fwp%2Fv2%2Fmedia&parent=7187"}],"wp:term":[{"taxonomy":"product_brand","embeddable":true,"href":"https:\/\/assulba.com.br\/index.php?rest_route=%2Fwp%2Fv2%2Fproduct_brand&post=7187"},{"taxonomy":"product_cat","embeddable":true,"href":"https:\/\/assulba.com.br\/index.php?rest_route=%2Fwp%2Fv2%2Fproduct_cat&post=7187"},{"taxonomy":"product_tag","embeddable":true,"href":"https:\/\/assulba.com.br\/index.php?rest_route=%2Fwp%2Fv2%2Fproduct_tag&post=7187"}],"curies":[{"name":"wp","href":"https:\/\/api.w.org\/{rel}","templated":true}]}}