{"id":7017,"date":"2021-03-27T11:36:07","date_gmt":"2021-03-27T14:36:07","guid":{"rendered":"https:\/\/assulba.com.br\/?post_type=product&#038;p=7017"},"modified":"2024-03-17T00:44:28","modified_gmt":"2024-03-17T03:44:28","slug":"pulverizador-de-compressao-previa-12l-guarany","status":"publish","type":"product","link":"https:\/\/assulba.com.br\/?product=pulverizador-de-compressao-previa-12l-guarany","title":{"rendered":"PULVERIZADOR DE COMPRESS\u00c3O PR\u00c9VIA 1,2L GUARANY"},"content":{"rendered":"","protected":false},"excerpt":{"rendered":"<p>O pulverizador de compress\u00e3o pr\u00e9via \u00e9 ideal para atividades de limpeza e jardinagem. Possui uma bomba na parte superior, pela qual se gera ar comprimido no interior do tanque, permitindo que o l\u00edquido seja posteriormente borrifado simplesmente pressionando a tecla localizada junto \u00e0 al\u00e7a (similar \u00e0s latas de spray). O tanque possui capacidade de 1,2L, sendo que o espa\u00e7o de 0,2L deve ser reservado para a compress\u00e3o de ar. Press\u00e3o m\u00e1xima de 3,0 bar (43,5 psi). Peso vazio 0,54kg.<\/p>\n","protected":false},"featured_media":7021,"template":"","meta":[],"product_brand":[],"product_cat":[313],"product_tag":[98,35,27,146,154],"class_list":{"0":"post-7017","1":"product","2":"type-product","3":"status-publish","4":"has-post-thumbnail","6":"product_cat-cat_jardinagem","7":"product_tag-agua","8":"product_tag-jardim","9":"product_tag-limpeza","10":"product_tag-produto-de-limpeza","11":"product_tag-quimico","13":"first","14":"instock","15":"shipping-taxable","16":"purchasable","17":"product-type-simple"},"jetpack_sharing_enabled":true,"_links":{"self":[{"href":"https:\/\/assulba.com.br\/index.php?rest_route=\/wp\/v2\/product\/7017","targetHints":{"allow":["GET"]}}],"collection":[{"href":"https:\/\/assulba.com.br\/index.php?rest_route=\/wp\/v2\/product"}],"about":[{"href":"https:\/\/assulba.com.br\/index.php?rest_route=\/wp\/v2\/types\/product"}],"wp:featuredmedia":[{"embeddable":true,"href":"https:\/\/assulba.com.br\/index.php?rest_route=\/wp\/v2\/media\/7021"}],"wp:attachment":[{"href":"https:\/\/assulba.com.br\/index.php?rest_route=%2Fwp%2Fv2%2Fmedia&parent=7017"}],"wp:term":[{"taxonomy":"product_brand","embeddable":true,"href":"https:\/\/assulba.com.br\/index.php?rest_route=%2Fwp%2Fv2%2Fproduct_brand&post=7017"},{"taxonomy":"product_cat","embeddable":true,"href":"https:\/\/assulba.com.br\/index.php?rest_route=%2Fwp%2Fv2%2Fproduct_cat&post=7017"},{"taxonomy":"product_tag","embeddable":true,"href":"https:\/\/assulba.com.br\/index.php?rest_route=%2Fwp%2Fv2%2Fproduct_tag&post=7017"}],"curies":[{"name":"wp","href":"https:\/\/api.w.org\/{rel}","templated":true}]}}