{"id":6947,"date":"2021-03-15T12:04:42","date_gmt":"2021-03-15T15:04:42","guid":{"rendered":"https:\/\/assulba.com.br\/?post_type=product&#038;p=6947"},"modified":"2024-03-17T00:44:29","modified_gmt":"2024-03-17T03:44:29","slug":"bolsa-em-lona-para-ferramentas","status":"publish","type":"product","link":"https:\/\/assulba.com.br\/?product=bolsa-em-lona-para-ferramentas","title":{"rendered":"BOLSA EM LONA PARA FERRAMENTAS"},"content":{"rendered":"","protected":false},"excerpt":{"rendered":"<p>Produzida em lona de alta resist\u00eancia, com fundo pl\u00e1stico refor\u00e7ado aprova d&#8217;\u00e1gua. Zipper robusto com alta durabilidade. Disp\u00f5e de 22 compartimentos para organizar os objetos (12 na parte interna e 10 na externa). Possui design que permite a abertura total da bolsa. Dimens\u00f5es: comprimento 40cm, largura 20cm, altura 30cm. Capacidade de carga: 12kg.<\/p>\n","protected":false},"featured_media":6948,"template":"","meta":[],"product_brand":[],"product_cat":[20,312],"product_tag":[34,127],"class_list":{"0":"post-6947","1":"product","2":"type-product","3":"status-publish","4":"has-post-thumbnail","6":"product_cat-cat_logistica","7":"product_cat-cat-reparos","8":"product_tag-ferramenta","9":"product_tag-seguranca","11":"first","12":"instock","13":"shipping-taxable","14":"purchasable","15":"product-type-simple"},"jetpack_sharing_enabled":true,"_links":{"self":[{"href":"https:\/\/assulba.com.br\/index.php?rest_route=\/wp\/v2\/product\/6947","targetHints":{"allow":["GET"]}}],"collection":[{"href":"https:\/\/assulba.com.br\/index.php?rest_route=\/wp\/v2\/product"}],"about":[{"href":"https:\/\/assulba.com.br\/index.php?rest_route=\/wp\/v2\/types\/product"}],"wp:featuredmedia":[{"embeddable":true,"href":"https:\/\/assulba.com.br\/index.php?rest_route=\/wp\/v2\/media\/6948"}],"wp:attachment":[{"href":"https:\/\/assulba.com.br\/index.php?rest_route=%2Fwp%2Fv2%2Fmedia&parent=6947"}],"wp:term":[{"taxonomy":"product_brand","embeddable":true,"href":"https:\/\/assulba.com.br\/index.php?rest_route=%2Fwp%2Fv2%2Fproduct_brand&post=6947"},{"taxonomy":"product_cat","embeddable":true,"href":"https:\/\/assulba.com.br\/index.php?rest_route=%2Fwp%2Fv2%2Fproduct_cat&post=6947"},{"taxonomy":"product_tag","embeddable":true,"href":"https:\/\/assulba.com.br\/index.php?rest_route=%2Fwp%2Fv2%2Fproduct_tag&post=6947"}],"curies":[{"name":"wp","href":"https:\/\/api.w.org\/{rel}","templated":true}]}}