{"id":6901,"date":"2021-02-28T08:51:37","date_gmt":"2021-02-28T11:51:37","guid":{"rendered":"https:\/\/assulba.com.br\/?post_type=product&#038;p=6901"},"modified":"2024-03-17T00:44:29","modified_gmt":"2024-03-17T03:44:29","slug":"aspirador-de-po-e-liquidos-nt-585-karcher","status":"publish","type":"product","link":"https:\/\/assulba.com.br\/?product=aspirador-de-po-e-liquidos-nt-585-karcher","title":{"rendered":"ASPIRADOR DE P\u00d3 E L\u00cdQUIDOS NT 585 K\u00c4RCHER"},"content":{"rendered":"","protected":false},"excerpt":{"rendered":"<p>Aspirador de p\u00f3 e l\u00edquidos profissional da Karcher. Al\u00e9m de aspirar o ar, pode ser utilizado para expirar, na remo\u00e7\u00e3o de objetos como folhas, pl\u00e1sticos, etc. ou mesmo no enchimento de infl\u00e1veis. O NT 585 funciona com filtro de tecido lav\u00e1vel e reutiliz\u00e1vel, dispensando os filtros descart\u00e1veis. Acompanha o filtro de espuma, para prote\u00e7\u00e3o da turbina, mangueira de 2 metros de comprimento e cabo el\u00e9trico com 3,5 metros.<\/p>\n<p><iframe loading=\"lazy\" width=\"560\" height=\"315\" src=\"https:\/\/www.youtube-nocookie.com\/embed\/wHIpbGF1dl8\" title=\"YouTube video player\" frameborder=\"0\" allow=\"accelerometer; autoplay; clipboard-write; encrypted-media; gyroscope; picture-in-picture\" allowfullscreen><\/iframe><\/p>\n","protected":false},"featured_media":6904,"template":"","meta":[],"product_brand":[],"product_cat":[135,309],"product_tag":[57,25,27],"class_list":{"0":"post-6901","1":"product","2":"type-product","3":"status-publish","4":"has-post-thumbnail","6":"product_cat-cat_limpeza","7":"product_cat-cat_limpeza_seca","8":"product_tag-eletrico","9":"product_tag-karcher","10":"product_tag-limpeza","12":"first","13":"instock","14":"shipping-taxable","15":"purchasable","16":"product-type-simple"},"jetpack_sharing_enabled":true,"_links":{"self":[{"href":"https:\/\/assulba.com.br\/index.php?rest_route=\/wp\/v2\/product\/6901","targetHints":{"allow":["GET"]}}],"collection":[{"href":"https:\/\/assulba.com.br\/index.php?rest_route=\/wp\/v2\/product"}],"about":[{"href":"https:\/\/assulba.com.br\/index.php?rest_route=\/wp\/v2\/types\/product"}],"wp:featuredmedia":[{"embeddable":true,"href":"https:\/\/assulba.com.br\/index.php?rest_route=\/wp\/v2\/media\/6904"}],"wp:attachment":[{"href":"https:\/\/assulba.com.br\/index.php?rest_route=%2Fwp%2Fv2%2Fmedia&parent=6901"}],"wp:term":[{"taxonomy":"product_brand","embeddable":true,"href":"https:\/\/assulba.com.br\/index.php?rest_route=%2Fwp%2Fv2%2Fproduct_brand&post=6901"},{"taxonomy":"product_cat","embeddable":true,"href":"https:\/\/assulba.com.br\/index.php?rest_route=%2Fwp%2Fv2%2Fproduct_cat&post=6901"},{"taxonomy":"product_tag","embeddable":true,"href":"https:\/\/assulba.com.br\/index.php?rest_route=%2Fwp%2Fv2%2Fproduct_tag&post=6901"}],"curies":[{"name":"wp","href":"https:\/\/api.w.org\/{rel}","templated":true}]}}