{"id":6840,"date":"2021-02-07T09:16:22","date_gmt":"2021-02-07T12:16:22","guid":{"rendered":"https:\/\/assulba.com.br\/?post_type=product&#038;p=6840"},"modified":"2024-03-17T00:44:29","modified_gmt":"2024-03-17T03:44:29","slug":"dispensador-de-sabonete-alcool-inox-escovado-nobre","status":"publish","type":"product","link":"https:\/\/assulba.com.br\/?product=dispensador-de-sabonete-alcool-inox-escovado-nobre","title":{"rendered":"DISPENSADOR DE SABONETE\/\u00c1LCOOL INOX ESCOVADO NOBRE"},"content":{"rendered":"","protected":false},"excerpt":{"rendered":"<p>Saboneteira para \u00e1lcool e sabonetes l\u00edquidos, em inox escovado e laterais em PS, Nobre Select, com reservat\u00f3rio de 800ml. Acompanha chave, trava de seguran\u00e7a, parafusos e buchas, para instala\u00e7\u00e3o. Dimens\u00f5es: Altura 27cm; Largura 11,5cm; Profundidade 11,5cm. Peso: 370g<\/p>\n<p><iframe loading=\"lazy\" width=\"560\" height=\"315\" src=\"https:\/\/www.youtube-nocookie.com\/embed\/Ct0m3why-3U\" title=\"YouTube video player\" frameborder=\"0\" allow=\"accelerometer; autoplay; clipboard-write; encrypted-media; gyroscope; picture-in-picture\" allowfullscreen><\/iframe><\/p>\n","protected":false},"featured_media":6841,"template":"","meta":[],"product_brand":[],"product_cat":[22],"product_tag":[83,91,162],"class_list":{"0":"post-6840","1":"product","2":"type-product","3":"status-publish","4":"has-post-thumbnail","6":"product_cat-banheiro","7":"product_tag-banheiro","8":"product_tag-dispenser","9":"product_tag-higiene","11":"first","12":"instock","13":"shipping-taxable","14":"purchasable","15":"product-type-simple"},"jetpack_sharing_enabled":true,"_links":{"self":[{"href":"https:\/\/assulba.com.br\/index.php?rest_route=\/wp\/v2\/product\/6840","targetHints":{"allow":["GET"]}}],"collection":[{"href":"https:\/\/assulba.com.br\/index.php?rest_route=\/wp\/v2\/product"}],"about":[{"href":"https:\/\/assulba.com.br\/index.php?rest_route=\/wp\/v2\/types\/product"}],"wp:featuredmedia":[{"embeddable":true,"href":"https:\/\/assulba.com.br\/index.php?rest_route=\/wp\/v2\/media\/6841"}],"wp:attachment":[{"href":"https:\/\/assulba.com.br\/index.php?rest_route=%2Fwp%2Fv2%2Fmedia&parent=6840"}],"wp:term":[{"taxonomy":"product_brand","embeddable":true,"href":"https:\/\/assulba.com.br\/index.php?rest_route=%2Fwp%2Fv2%2Fproduct_brand&post=6840"},{"taxonomy":"product_cat","embeddable":true,"href":"https:\/\/assulba.com.br\/index.php?rest_route=%2Fwp%2Fv2%2Fproduct_cat&post=6840"},{"taxonomy":"product_tag","embeddable":true,"href":"https:\/\/assulba.com.br\/index.php?rest_route=%2Fwp%2Fv2%2Fproduct_tag&post=6840"}],"curies":[{"name":"wp","href":"https:\/\/api.w.org\/{rel}","templated":true}]}}