{"id":6814,"date":"2021-02-01T18:47:28","date_gmt":"2021-02-01T21:47:28","guid":{"rendered":"https:\/\/assulba.com.br\/?post_type=product&#038;p=6814"},"modified":"2024-03-17T00:44:29","modified_gmt":"2024-03-17T03:44:29","slug":"cesto-de-lixo-para-escritorio-12l-acrimet","status":"publish","type":"product","link":"https:\/\/assulba.com.br\/?product=cesto-de-lixo-para-escritorio-12l-acrimet","title":{"rendered":"CESTO DE LIXO PARA ESCRIT\u00d3RIO 12L ACRIMET"},"content":{"rendered":"","protected":false},"excerpt":{"rendered":"<p>A lixeira para escrit\u00f3rio, na cor azul escuro, 12 litros, da Acrimet, possui \u00f3timo acabamento, com superf\u00edcie fosca e pl\u00e1stico resistente. Tamb\u00e9m dispon\u00edvel na vers\u00e3o para coleta seletiva.<\/p>\n","protected":false},"featured_media":6816,"template":"","meta":[],"product_brand":[],"product_cat":[21,317],"product_tag":[70],"class_list":{"0":"post-6814","1":"product","2":"type-product","3":"status-publish","4":"has-post-thumbnail","6":"product_cat-cat_lixeiras","7":"product_cat-cat_demaislixeiras","8":"product_tag-lixeiras","10":"first","11":"instock","12":"shipping-taxable","13":"purchasable","14":"product-type-simple"},"jetpack_sharing_enabled":true,"_links":{"self":[{"href":"https:\/\/assulba.com.br\/index.php?rest_route=\/wp\/v2\/product\/6814","targetHints":{"allow":["GET"]}}],"collection":[{"href":"https:\/\/assulba.com.br\/index.php?rest_route=\/wp\/v2\/product"}],"about":[{"href":"https:\/\/assulba.com.br\/index.php?rest_route=\/wp\/v2\/types\/product"}],"wp:featuredmedia":[{"embeddable":true,"href":"https:\/\/assulba.com.br\/index.php?rest_route=\/wp\/v2\/media\/6816"}],"wp:attachment":[{"href":"https:\/\/assulba.com.br\/index.php?rest_route=%2Fwp%2Fv2%2Fmedia&parent=6814"}],"wp:term":[{"taxonomy":"product_brand","embeddable":true,"href":"https:\/\/assulba.com.br\/index.php?rest_route=%2Fwp%2Fv2%2Fproduct_brand&post=6814"},{"taxonomy":"product_cat","embeddable":true,"href":"https:\/\/assulba.com.br\/index.php?rest_route=%2Fwp%2Fv2%2Fproduct_cat&post=6814"},{"taxonomy":"product_tag","embeddable":true,"href":"https:\/\/assulba.com.br\/index.php?rest_route=%2Fwp%2Fv2%2Fproduct_tag&post=6814"}],"curies":[{"name":"wp","href":"https:\/\/api.w.org\/{rel}","templated":true}]}}