{"id":6734,"date":"2020-12-20T14:08:20","date_gmt":"2020-12-20T17:08:20","guid":{"rendered":"https:\/\/assulba.com.br\/?post_type=product&#038;p=6734"},"modified":"2024-03-17T00:44:29","modified_gmt":"2024-03-17T03:44:29","slug":"lixeira-em-madeira-plastica-ecologica-90l","status":"publish","type":"product","link":"https:\/\/assulba.com.br\/?product=lixeira-em-madeira-plastica-ecologica-90l","title":{"rendered":"LIXEIRA EM MADEIRA PL\u00c1STICA ECOL\u00d3GICA 90L"},"content":{"rendered":"","protected":false},"excerpt":{"rendered":"<p>Lixeira em madeira pl\u00e1stica com tampa preta. Capacidade para 90 litros e altura de 70cm. Indicada principalmente para \u00e1reas externas. Mais resistente \u00e0 chuva e \u00e0 exposi\u00e7\u00e3o solar que a madeira natural. Pode ser instalada sobre suporte (adquirido separadamente).<br \/>\nDimens\u00f5es: 70cm x 50cm<\/p>\n","protected":false},"featured_media":8497,"template":"","meta":[],"product_brand":[],"product_cat":[21,317],"product_tag":[35,70],"class_list":{"0":"post-6734","1":"product","2":"type-product","3":"status-publish","4":"has-post-thumbnail","6":"product_cat-cat_lixeiras","7":"product_cat-cat_demaislixeiras","8":"product_tag-jardim","9":"product_tag-lixeiras","11":"first","12":"instock","13":"shipping-taxable","14":"purchasable","15":"product-type-simple"},"jetpack_sharing_enabled":true,"_links":{"self":[{"href":"https:\/\/assulba.com.br\/index.php?rest_route=\/wp\/v2\/product\/6734","targetHints":{"allow":["GET"]}}],"collection":[{"href":"https:\/\/assulba.com.br\/index.php?rest_route=\/wp\/v2\/product"}],"about":[{"href":"https:\/\/assulba.com.br\/index.php?rest_route=\/wp\/v2\/types\/product"}],"wp:featuredmedia":[{"embeddable":true,"href":"https:\/\/assulba.com.br\/index.php?rest_route=\/wp\/v2\/media\/8497"}],"wp:attachment":[{"href":"https:\/\/assulba.com.br\/index.php?rest_route=%2Fwp%2Fv2%2Fmedia&parent=6734"}],"wp:term":[{"taxonomy":"product_brand","embeddable":true,"href":"https:\/\/assulba.com.br\/index.php?rest_route=%2Fwp%2Fv2%2Fproduct_brand&post=6734"},{"taxonomy":"product_cat","embeddable":true,"href":"https:\/\/assulba.com.br\/index.php?rest_route=%2Fwp%2Fv2%2Fproduct_cat&post=6734"},{"taxonomy":"product_tag","embeddable":true,"href":"https:\/\/assulba.com.br\/index.php?rest_route=%2Fwp%2Fv2%2Fproduct_tag&post=6734"}],"curies":[{"name":"wp","href":"https:\/\/api.w.org\/{rel}","templated":true}]}}