{"id":6697,"date":"2020-12-13T18:48:14","date_gmt":"2020-12-13T21:48:14","guid":{"rendered":"https:\/\/assulba.com.br\/?post_type=product&#038;p=6697"},"modified":"2024-03-17T00:44:29","modified_gmt":"2024-03-17T03:44:29","slug":"sabonete-liquido-perolizado-erva-doce-5l","status":"publish","type":"product","link":"https:\/\/assulba.com.br\/?product=sabonete-liquido-perolizado-erva-doce-5l","title":{"rendered":"SABONETE L\u00cdQUIDO PEROLIZADO ERVA DOCE 5L"},"content":{"rendered":"","protected":false},"excerpt":{"rendered":"<p>Sabonete l\u00edquido com fragr\u00e2ncia Erva Doce \u00e9 indicado para uso em banheiros e lavabos institucionais, na higieniza\u00e7\u00e3o das m\u00e3os e antebra\u00e7os. Produto cont\u00e9m emolientes para amaciar a pele. Gal\u00e3o com 5 litros.<\/p>\n","protected":false},"featured_media":6700,"template":"","meta":[],"product_brand":[],"product_cat":[22,153],"product_tag":[162,154],"class_list":{"0":"post-6697","1":"product","2":"type-product","3":"status-publish","4":"has-post-thumbnail","6":"product_cat-banheiro","7":"product_cat-quimicos","8":"product_tag-higiene","9":"product_tag-quimico","11":"first","12":"instock","13":"shipping-taxable","14":"purchasable","15":"product-type-simple"},"jetpack_sharing_enabled":true,"_links":{"self":[{"href":"https:\/\/assulba.com.br\/index.php?rest_route=\/wp\/v2\/product\/6697","targetHints":{"allow":["GET"]}}],"collection":[{"href":"https:\/\/assulba.com.br\/index.php?rest_route=\/wp\/v2\/product"}],"about":[{"href":"https:\/\/assulba.com.br\/index.php?rest_route=\/wp\/v2\/types\/product"}],"wp:featuredmedia":[{"embeddable":true,"href":"https:\/\/assulba.com.br\/index.php?rest_route=\/wp\/v2\/media\/6700"}],"wp:attachment":[{"href":"https:\/\/assulba.com.br\/index.php?rest_route=%2Fwp%2Fv2%2Fmedia&parent=6697"}],"wp:term":[{"taxonomy":"product_brand","embeddable":true,"href":"https:\/\/assulba.com.br\/index.php?rest_route=%2Fwp%2Fv2%2Fproduct_brand&post=6697"},{"taxonomy":"product_cat","embeddable":true,"href":"https:\/\/assulba.com.br\/index.php?rest_route=%2Fwp%2Fv2%2Fproduct_cat&post=6697"},{"taxonomy":"product_tag","embeddable":true,"href":"https:\/\/assulba.com.br\/index.php?rest_route=%2Fwp%2Fv2%2Fproduct_tag&post=6697"}],"curies":[{"name":"wp","href":"https:\/\/api.w.org\/{rel}","templated":true}]}}