{"id":6678,"date":"2020-12-05T17:19:55","date_gmt":"2020-12-05T20:19:55","guid":{"rendered":"https:\/\/assulba.com.br\/?post_type=product&#038;p=6678"},"modified":"2024-03-17T00:44:29","modified_gmt":"2024-03-17T03:44:29","slug":"lixeira-ecologica-de-madeira-plastica-90l","status":"publish","type":"product","link":"https:\/\/assulba.com.br\/?product=lixeira-ecologica-de-madeira-plastica-90l","title":{"rendered":"LIXEIRAS SELETIVAS EM MADEIRA PL\u00c1STICA ECOL\u00d3GICA 90L"},"content":{"rendered":"","protected":false},"excerpt":{"rendered":"<p>Lixeira em madeira pl\u00e1stica, com capacidade para 90 litros e altura de 70cm. Indicada principalmente para \u00e1reas externas. Mais resistente \u00e0 chuva e \u00e0 exposi\u00e7\u00e3o solar que a madeira natural. Pode ser instalada sobre suporte (adquirido separadamente). Dispon\u00edvel com tampas com cores da coleta seletiva (vermelho, azul, verde, amarelo, marrom).<br \/>\nDimens\u00f5es: 70cm x 50cm<\/p>\n","protected":false},"featured_media":8496,"template":"","meta":[],"product_brand":[],"product_cat":[21,317],"product_tag":[71,35,70],"class_list":{"0":"post-6678","1":"product","2":"type-product","3":"status-publish","4":"has-post-thumbnail","6":"product_cat-cat_lixeiras","7":"product_cat-cat_demaislixeiras","8":"product_tag-coleta-seletiva","9":"product_tag-jardim","10":"product_tag-lixeiras","12":"first","13":"instock","14":"shipping-taxable","15":"purchasable","16":"product-type-simple"},"jetpack_sharing_enabled":true,"_links":{"self":[{"href":"https:\/\/assulba.com.br\/index.php?rest_route=\/wp\/v2\/product\/6678","targetHints":{"allow":["GET"]}}],"collection":[{"href":"https:\/\/assulba.com.br\/index.php?rest_route=\/wp\/v2\/product"}],"about":[{"href":"https:\/\/assulba.com.br\/index.php?rest_route=\/wp\/v2\/types\/product"}],"wp:featuredmedia":[{"embeddable":true,"href":"https:\/\/assulba.com.br\/index.php?rest_route=\/wp\/v2\/media\/8496"}],"wp:attachment":[{"href":"https:\/\/assulba.com.br\/index.php?rest_route=%2Fwp%2Fv2%2Fmedia&parent=6678"}],"wp:term":[{"taxonomy":"product_brand","embeddable":true,"href":"https:\/\/assulba.com.br\/index.php?rest_route=%2Fwp%2Fv2%2Fproduct_brand&post=6678"},{"taxonomy":"product_cat","embeddable":true,"href":"https:\/\/assulba.com.br\/index.php?rest_route=%2Fwp%2Fv2%2Fproduct_cat&post=6678"},{"taxonomy":"product_tag","embeddable":true,"href":"https:\/\/assulba.com.br\/index.php?rest_route=%2Fwp%2Fv2%2Fproduct_tag&post=6678"}],"curies":[{"name":"wp","href":"https:\/\/api.w.org\/{rel}","templated":true}]}}