{"id":6533,"date":"2020-11-08T12:08:32","date_gmt":"2020-11-08T15:08:32","guid":{"rendered":"https:\/\/assulba.com.br\/?post_type=product&#038;p=6533"},"modified":"2024-09-07T16:06:40","modified_gmt":"2024-09-07T19:06:40","slug":"container-de-lixo-1000l-jsn","status":"publish","type":"product","link":"https:\/\/assulba.com.br\/?product=container-de-lixo-1000l-jsn","title":{"rendered":"CONTAINERS DE LIXO (PEAD) 1000L JSN"},"content":{"rendered":"","protected":false},"excerpt":{"rendered":"<p>Contentor da marca JSN, com capacidade de 1000 litros, em polietileno, PEAD. Com quatro rodas girat\u00f3rias, possui pedal para travamento em duas delas. Fabricado com munh\u00f5es laterais e dreno para retirada de l\u00edquidos.<br \/>\nDimens\u00f5es: A 129cm x L 138cm x C 104cm.<\/p>\n<p><strong>OP\u00c7\u00d5ES DE CORES:<\/strong><br \/>\nAzul<br \/>\nVerde<br \/>\nPreto<\/p>\n","protected":false},"featured_media":9569,"template":"","meta":[],"product_brand":[],"product_cat":[21,315],"product_tag":[77,76,90],"class_list":{"0":"post-6533","1":"product","2":"type-product","3":"status-publish","4":"has-post-thumbnail","6":"product_cat-cat_lixeiras","7":"product_cat-cat_contentores","8":"product_tag-container","9":"product_tag-contentor","10":"product_tag-lixeiras-com-rodas","12":"first","13":"instock","14":"shipping-taxable","15":"purchasable","16":"product-type-variable"},"jetpack_sharing_enabled":true,"_links":{"self":[{"href":"https:\/\/assulba.com.br\/index.php?rest_route=\/wp\/v2\/product\/6533","targetHints":{"allow":["GET"]}}],"collection":[{"href":"https:\/\/assulba.com.br\/index.php?rest_route=\/wp\/v2\/product"}],"about":[{"href":"https:\/\/assulba.com.br\/index.php?rest_route=\/wp\/v2\/types\/product"}],"wp:featuredmedia":[{"embeddable":true,"href":"https:\/\/assulba.com.br\/index.php?rest_route=\/wp\/v2\/media\/9569"}],"wp:attachment":[{"href":"https:\/\/assulba.com.br\/index.php?rest_route=%2Fwp%2Fv2%2Fmedia&parent=6533"}],"wp:term":[{"taxonomy":"product_brand","embeddable":true,"href":"https:\/\/assulba.com.br\/index.php?rest_route=%2Fwp%2Fv2%2Fproduct_brand&post=6533"},{"taxonomy":"product_cat","embeddable":true,"href":"https:\/\/assulba.com.br\/index.php?rest_route=%2Fwp%2Fv2%2Fproduct_cat&post=6533"},{"taxonomy":"product_tag","embeddable":true,"href":"https:\/\/assulba.com.br\/index.php?rest_route=%2Fwp%2Fv2%2Fproduct_tag&post=6533"}],"curies":[{"name":"wp","href":"https:\/\/api.w.org\/{rel}","templated":true}]}}