{"id":6373,"date":"2020-09-30T22:51:20","date_gmt":"2020-10-01T01:51:20","guid":{"rendered":"https:\/\/assulba.com.br\/?post_type=product&#038;p=6373"},"modified":"2024-03-17T00:44:30","modified_gmt":"2024-03-17T03:44:30","slug":"refil-mop-po-60cm-algodao-rubbermaid","status":"publish","type":"product","link":"https:\/\/assulba.com.br\/?product=refil-mop-po-60cm-algodao-rubbermaid","title":{"rendered":"REFIL MOP P\u00d3 60CM ALGOD\u00c3O RUBBERMAID"},"content":{"rendered":"","protected":false},"excerpt":{"rendered":"<p>Refil de mop p\u00f3 da Rubbermaid para uso com arma\u00e7\u00e3o de 60cm. Pode ser utilizado em arma\u00e7\u00f5es de diversas marcas, como, por exemplo, a arma\u00e7\u00e3o mop p\u00f3 Profi 60cm da Bralimpia. Fios 100% algod\u00e3o.<\/p>\n","protected":false},"featured_media":6374,"template":"","meta":[],"product_brand":[],"product_cat":[135,309],"product_tag":[27,110],"class_list":{"0":"post-6373","1":"product","2":"type-product","3":"status-publish","4":"has-post-thumbnail","6":"product_cat-cat_limpeza","7":"product_cat-cat_limpeza_seca","8":"product_tag-limpeza","9":"product_tag-mops","11":"first","12":"instock","13":"shipping-taxable","14":"purchasable","15":"product-type-simple"},"jetpack_sharing_enabled":true,"_links":{"self":[{"href":"https:\/\/assulba.com.br\/index.php?rest_route=\/wp\/v2\/product\/6373","targetHints":{"allow":["GET"]}}],"collection":[{"href":"https:\/\/assulba.com.br\/index.php?rest_route=\/wp\/v2\/product"}],"about":[{"href":"https:\/\/assulba.com.br\/index.php?rest_route=\/wp\/v2\/types\/product"}],"wp:featuredmedia":[{"embeddable":true,"href":"https:\/\/assulba.com.br\/index.php?rest_route=\/wp\/v2\/media\/6374"}],"wp:attachment":[{"href":"https:\/\/assulba.com.br\/index.php?rest_route=%2Fwp%2Fv2%2Fmedia&parent=6373"}],"wp:term":[{"taxonomy":"product_brand","embeddable":true,"href":"https:\/\/assulba.com.br\/index.php?rest_route=%2Fwp%2Fv2%2Fproduct_brand&post=6373"},{"taxonomy":"product_cat","embeddable":true,"href":"https:\/\/assulba.com.br\/index.php?rest_route=%2Fwp%2Fv2%2Fproduct_cat&post=6373"},{"taxonomy":"product_tag","embeddable":true,"href":"https:\/\/assulba.com.br\/index.php?rest_route=%2Fwp%2Fv2%2Fproduct_tag&post=6373"}],"curies":[{"name":"wp","href":"https:\/\/api.w.org\/{rel}","templated":true}]}}