{"id":6367,"date":"2020-09-30T21:08:06","date_gmt":"2020-10-01T00:08:06","guid":{"rendered":"https:\/\/assulba.com.br\/?post_type=product&#038;p=6367"},"modified":"2024-03-17T00:44:30","modified_gmt":"2024-03-17T03:44:30","slug":"valvula-dosadora-para-saboneteiras-scala-e-montana","status":"publish","type":"product","link":"https:\/\/assulba.com.br\/?product=valvula-dosadora-para-saboneteiras-scala-e-montana","title":{"rendered":"V\u00c1LVULA DOSADORA PARA SABONETEIRAS SCALA E MONTANA"},"content":{"rendered":"","protected":false},"excerpt":{"rendered":"<p>V\u00e1lvula dosadora para substitui\u00e7\u00e3o em dispensadores de sabonete e \u00e1lcool Montanta (Exaccta) e Sacala (Trilha). Dispon\u00edveis para aquisi\u00e7\u00e3o avulsa, para conserto das saboneteiras.<\/p>\n","protected":false},"featured_media":6368,"template":"","meta":[],"product_brand":[],"product_cat":[22,161],"product_tag":[91,95],"class_list":{"0":"post-6367","1":"product","2":"type-product","3":"status-publish","4":"has-post-thumbnail","6":"product_cat-banheiro","7":"product_cat-cat_diversos","8":"product_tag-dispenser","9":"product_tag-saboneteira","11":"first","12":"instock","13":"shipping-taxable","14":"purchasable","15":"product-type-simple"},"jetpack_sharing_enabled":true,"_links":{"self":[{"href":"https:\/\/assulba.com.br\/index.php?rest_route=\/wp\/v2\/product\/6367","targetHints":{"allow":["GET"]}}],"collection":[{"href":"https:\/\/assulba.com.br\/index.php?rest_route=\/wp\/v2\/product"}],"about":[{"href":"https:\/\/assulba.com.br\/index.php?rest_route=\/wp\/v2\/types\/product"}],"wp:featuredmedia":[{"embeddable":true,"href":"https:\/\/assulba.com.br\/index.php?rest_route=\/wp\/v2\/media\/6368"}],"wp:attachment":[{"href":"https:\/\/assulba.com.br\/index.php?rest_route=%2Fwp%2Fv2%2Fmedia&parent=6367"}],"wp:term":[{"taxonomy":"product_brand","embeddable":true,"href":"https:\/\/assulba.com.br\/index.php?rest_route=%2Fwp%2Fv2%2Fproduct_brand&post=6367"},{"taxonomy":"product_cat","embeddable":true,"href":"https:\/\/assulba.com.br\/index.php?rest_route=%2Fwp%2Fv2%2Fproduct_cat&post=6367"},{"taxonomy":"product_tag","embeddable":true,"href":"https:\/\/assulba.com.br\/index.php?rest_route=%2Fwp%2Fv2%2Fproduct_tag&post=6367"}],"curies":[{"name":"wp","href":"https:\/\/api.w.org\/{rel}","templated":true}]}}