{"id":6362,"date":"2020-09-30T20:28:30","date_gmt":"2020-09-30T23:28:30","guid":{"rendered":"https:\/\/assulba.com.br\/?post_type=product&#038;p=6362"},"modified":"2024-03-17T00:44:30","modified_gmt":"2024-03-17T03:44:30","slug":"roda-traseira-para-carrinho-de-compras-ecoflex-siris","status":"publish","type":"product","link":"https:\/\/assulba.com.br\/?product=roda-traseira-para-carrinho-de-compras-ecoflex-siris","title":{"rendered":"RODA TRASEIRA PARA CARRINHO DE COMPRAS ECOFLEX SIRIS"},"content":{"rendered":"","protected":false},"excerpt":{"rendered":"<p>As rodas traseiras, assim como as dianteiras, podem ser adquiridas avulsas para substitui\u00e7\u00e3o em carrinhos de compras Ecoflex Siris, caso necess\u00e1rio. Desse modo, os carros de compras t\u00eam sua vida \u00fatil prolongada, pela possibilidade de substituir pe\u00e7as eventualmente danificadas. Estas rodas servem para qualquer modelo de carrinhos pl\u00e1sticos Siris. Em rela\u00e7\u00e3o a roda dianteira, ela n\u00e3o possui suporte para mobilidade direcional.<\/p>\n","protected":false},"featured_media":6363,"template":"","meta":[],"product_brand":[],"product_cat":[161],"product_tag":[61],"class_list":{"0":"post-6362","1":"product","2":"type-product","3":"status-publish","4":"has-post-thumbnail","6":"product_cat-cat_diversos","7":"product_tag-carrinho-de-compras","9":"first","10":"instock","11":"shipping-taxable","12":"purchasable","13":"product-type-simple"},"jetpack_sharing_enabled":true,"_links":{"self":[{"href":"https:\/\/assulba.com.br\/index.php?rest_route=\/wp\/v2\/product\/6362","targetHints":{"allow":["GET"]}}],"collection":[{"href":"https:\/\/assulba.com.br\/index.php?rest_route=\/wp\/v2\/product"}],"about":[{"href":"https:\/\/assulba.com.br\/index.php?rest_route=\/wp\/v2\/types\/product"}],"wp:featuredmedia":[{"embeddable":true,"href":"https:\/\/assulba.com.br\/index.php?rest_route=\/wp\/v2\/media\/6363"}],"wp:attachment":[{"href":"https:\/\/assulba.com.br\/index.php?rest_route=%2Fwp%2Fv2%2Fmedia&parent=6362"}],"wp:term":[{"taxonomy":"product_brand","embeddable":true,"href":"https:\/\/assulba.com.br\/index.php?rest_route=%2Fwp%2Fv2%2Fproduct_brand&post=6362"},{"taxonomy":"product_cat","embeddable":true,"href":"https:\/\/assulba.com.br\/index.php?rest_route=%2Fwp%2Fv2%2Fproduct_cat&post=6362"},{"taxonomy":"product_tag","embeddable":true,"href":"https:\/\/assulba.com.br\/index.php?rest_route=%2Fwp%2Fv2%2Fproduct_tag&post=6362"}],"curies":[{"name":"wp","href":"https:\/\/api.w.org\/{rel}","templated":true}]}}