{"id":6360,"date":"2020-09-30T20:16:16","date_gmt":"2020-09-30T23:16:16","guid":{"rendered":"https:\/\/assulba.com.br\/?post_type=product&#038;p=6360"},"modified":"2024-03-17T00:44:30","modified_gmt":"2024-03-17T03:44:30","slug":"roda-dianteira-para-carrinho-de-compras-ecoflex-siris","status":"publish","type":"product","link":"https:\/\/assulba.com.br\/?product=roda-dianteira-para-carrinho-de-compras-ecoflex-siris","title":{"rendered":"RODA DIANTEIRA PARA CARRINHO DE COMPRAS ECOFLEX SIRIS"},"content":{"rendered":"","protected":false},"excerpt":{"rendered":"<p>As rodas dianteiras, assim como as traseiras, podem ser adquiridas avulsas para substitui\u00e7\u00e3o em carrinhos de compras Ecoflex Siris, caso necess\u00e1rio. Desse modo, os carros de compras t\u00eam sua vida \u00fatil prolongada, pela possibilidade substituir pe\u00e7as eventualmente danificadas. Estas rodas servem para qualquer modelo de carrinhos pl\u00e1sticos Siris. Em rela\u00e7\u00e3o a roda traseira, ela possui um suporte acoplado que possibilita seu direcionamento.<\/p>\n","protected":false},"featured_media":6366,"template":"","meta":[],"product_brand":[],"product_cat":[161],"product_tag":[61],"class_list":{"0":"post-6360","1":"product","2":"type-product","3":"status-publish","4":"has-post-thumbnail","6":"product_cat-cat_diversos","7":"product_tag-carrinho-de-compras","9":"first","10":"instock","11":"shipping-taxable","12":"purchasable","13":"product-type-simple"},"jetpack_sharing_enabled":true,"_links":{"self":[{"href":"https:\/\/assulba.com.br\/index.php?rest_route=\/wp\/v2\/product\/6360","targetHints":{"allow":["GET"]}}],"collection":[{"href":"https:\/\/assulba.com.br\/index.php?rest_route=\/wp\/v2\/product"}],"about":[{"href":"https:\/\/assulba.com.br\/index.php?rest_route=\/wp\/v2\/types\/product"}],"wp:featuredmedia":[{"embeddable":true,"href":"https:\/\/assulba.com.br\/index.php?rest_route=\/wp\/v2\/media\/6366"}],"wp:attachment":[{"href":"https:\/\/assulba.com.br\/index.php?rest_route=%2Fwp%2Fv2%2Fmedia&parent=6360"}],"wp:term":[{"taxonomy":"product_brand","embeddable":true,"href":"https:\/\/assulba.com.br\/index.php?rest_route=%2Fwp%2Fv2%2Fproduct_brand&post=6360"},{"taxonomy":"product_cat","embeddable":true,"href":"https:\/\/assulba.com.br\/index.php?rest_route=%2Fwp%2Fv2%2Fproduct_cat&post=6360"},{"taxonomy":"product_tag","embeddable":true,"href":"https:\/\/assulba.com.br\/index.php?rest_route=%2Fwp%2Fv2%2Fproduct_tag&post=6360"}],"curies":[{"name":"wp","href":"https:\/\/api.w.org\/{rel}","templated":true}]}}