{"id":6351,"date":"2020-09-30T16:29:06","date_gmt":"2020-09-30T19:29:06","guid":{"rendered":"https:\/\/assulba.com.br\/?post_type=product&#038;p=6351"},"modified":"2024-03-17T00:44:30","modified_gmt":"2024-03-17T03:44:30","slug":"dispensador-cai-cai-de-papel-higienico-interfolha-trilha","status":"publish","type":"product","link":"https:\/\/assulba.com.br\/?product=dispensador-cai-cai-de-papel-higienico-interfolha-trilha","title":{"rendered":"DISPENSADOR CAI-CAI DE PAPEL HIGI\u00caNICO INTERFOLHA TRILHA"},"content":{"rendered":"","protected":false},"excerpt":{"rendered":"<p>Dispensador de papel higi\u00eanico interfolha Cai-Cai da Trilha \u00e9 uma alternativa ao dispensador de papel rolo. Nele s\u00e3o colocadas pilhas de folhas de papeis, as quais s\u00e3o puxadas pelo usu\u00e1rio pela abertura na base do objeto. Funciona semelhante ao toalheiro interfolha.<\/p>\n","protected":false},"featured_media":6358,"template":"","meta":[],"product_brand":[],"product_cat":[22],"product_tag":[83,91,162],"class_list":{"0":"post-6351","1":"product","2":"type-product","3":"status-publish","4":"has-post-thumbnail","6":"product_cat-banheiro","7":"product_tag-banheiro","8":"product_tag-dispenser","9":"product_tag-higiene","11":"first","12":"instock","13":"shipping-taxable","14":"purchasable","15":"product-type-simple"},"jetpack_sharing_enabled":true,"_links":{"self":[{"href":"https:\/\/assulba.com.br\/index.php?rest_route=\/wp\/v2\/product\/6351","targetHints":{"allow":["GET"]}}],"collection":[{"href":"https:\/\/assulba.com.br\/index.php?rest_route=\/wp\/v2\/product"}],"about":[{"href":"https:\/\/assulba.com.br\/index.php?rest_route=\/wp\/v2\/types\/product"}],"wp:featuredmedia":[{"embeddable":true,"href":"https:\/\/assulba.com.br\/index.php?rest_route=\/wp\/v2\/media\/6358"}],"wp:attachment":[{"href":"https:\/\/assulba.com.br\/index.php?rest_route=%2Fwp%2Fv2%2Fmedia&parent=6351"}],"wp:term":[{"taxonomy":"product_brand","embeddable":true,"href":"https:\/\/assulba.com.br\/index.php?rest_route=%2Fwp%2Fv2%2Fproduct_brand&post=6351"},{"taxonomy":"product_cat","embeddable":true,"href":"https:\/\/assulba.com.br\/index.php?rest_route=%2Fwp%2Fv2%2Fproduct_cat&post=6351"},{"taxonomy":"product_tag","embeddable":true,"href":"https:\/\/assulba.com.br\/index.php?rest_route=%2Fwp%2Fv2%2Fproduct_tag&post=6351"}],"curies":[{"name":"wp","href":"https:\/\/api.w.org\/{rel}","templated":true}]}}