{"id":6283,"date":"2020-09-23T19:20:32","date_gmt":"2020-09-23T22:20:32","guid":{"rendered":"https:\/\/assulba.com.br\/?post_type=product&#038;p=6283"},"modified":"2024-03-17T00:44:30","modified_gmt":"2024-03-17T03:44:30","slug":"dispenser-para-alcool-gel-com-pedal-brinox","status":"publish","type":"product","link":"https:\/\/assulba.com.br\/?product=dispenser-para-alcool-gel-com-pedal-brinox","title":{"rendered":"DISPENSER DE CH\u00c3O PARA \u00c1LCOOL GEL COM PEDAL BRINOX"},"content":{"rendered":"","protected":false},"excerpt":{"rendered":"<p>Dispensador de \u00e1lcool gel em totem\/poste de 98cm de altura e refil recarreg\u00e1vel com capacidade para 1 litro. Estrutura em a\u00e7o inox e pump alongado met\u00e1lico para sa\u00edda vertical do \u00e1lcool. Possui pedal de acionamento com base em a\u00e7o inox, que evita o contato das m\u00e3os na superf\u00edcie do dispensador, o tornando mais pr\u00e1tico e higi\u00eanico.<br \/>\nBase em PP com 30cm de di\u00e2metro. Coluna em a\u00e7o inox com 98cm de altura e 17cm de di\u00e2metro.<\/p>\n","protected":false},"featured_media":6288,"template":"","meta":[],"product_brand":[],"product_cat":[303],"product_tag":[140,91,162,31],"class_list":{"0":"post-6283","1":"product","2":"type-product","3":"status-publish","4":"has-post-thumbnail","6":"product_cat-servico-espera","7":"product_tag-brinox","8":"product_tag-dispenser","9":"product_tag-higiene","10":"product_tag-inox","12":"first","13":"instock","14":"shipping-taxable","15":"purchasable","16":"product-type-simple"},"jetpack_sharing_enabled":true,"_links":{"self":[{"href":"https:\/\/assulba.com.br\/index.php?rest_route=\/wp\/v2\/product\/6283","targetHints":{"allow":["GET"]}}],"collection":[{"href":"https:\/\/assulba.com.br\/index.php?rest_route=\/wp\/v2\/product"}],"about":[{"href":"https:\/\/assulba.com.br\/index.php?rest_route=\/wp\/v2\/types\/product"}],"wp:featuredmedia":[{"embeddable":true,"href":"https:\/\/assulba.com.br\/index.php?rest_route=\/wp\/v2\/media\/6288"}],"wp:attachment":[{"href":"https:\/\/assulba.com.br\/index.php?rest_route=%2Fwp%2Fv2%2Fmedia&parent=6283"}],"wp:term":[{"taxonomy":"product_brand","embeddable":true,"href":"https:\/\/assulba.com.br\/index.php?rest_route=%2Fwp%2Fv2%2Fproduct_brand&post=6283"},{"taxonomy":"product_cat","embeddable":true,"href":"https:\/\/assulba.com.br\/index.php?rest_route=%2Fwp%2Fv2%2Fproduct_cat&post=6283"},{"taxonomy":"product_tag","embeddable":true,"href":"https:\/\/assulba.com.br\/index.php?rest_route=%2Fwp%2Fv2%2Fproduct_tag&post=6283"}],"curies":[{"name":"wp","href":"https:\/\/api.w.org\/{rel}","templated":true}]}}