{"id":6273,"date":"2020-09-20T16:16:22","date_gmt":"2020-09-20T19:16:22","guid":{"rendered":"https:\/\/assulba.com.br\/?post_type=product&#038;p=6273"},"modified":"2024-03-17T00:44:30","modified_gmt":"2024-03-17T03:44:30","slug":"sabonete-liquido-andiroba-exaccta-5l","status":"publish","type":"product","link":"https:\/\/assulba.com.br\/?product=sabonete-liquido-andiroba-exaccta-5l","title":{"rendered":"SABONETE L\u00cdQUIDO ANDIROBA EXACCTA 5L"},"content":{"rendered":"","protected":false},"excerpt":{"rendered":"<p>Indicado para uso frequente, este sabonete n\u00e3o resseca as m\u00e3o e deixa um suave perfume. Ideal para utilizar em saboneteiras com reservat\u00f3rio. Gal\u00e3o de 5 litros.<\/p>\n","protected":false},"featured_media":6274,"template":"","meta":[],"product_brand":[],"product_cat":[22,153],"product_tag":[162,95],"class_list":{"0":"post-6273","1":"product","2":"type-product","3":"status-publish","4":"has-post-thumbnail","6":"product_cat-banheiro","7":"product_cat-quimicos","8":"product_tag-higiene","9":"product_tag-saboneteira","11":"first","12":"instock","13":"shipping-taxable","14":"purchasable","15":"product-type-simple"},"jetpack_sharing_enabled":true,"_links":{"self":[{"href":"https:\/\/assulba.com.br\/index.php?rest_route=\/wp\/v2\/product\/6273","targetHints":{"allow":["GET"]}}],"collection":[{"href":"https:\/\/assulba.com.br\/index.php?rest_route=\/wp\/v2\/product"}],"about":[{"href":"https:\/\/assulba.com.br\/index.php?rest_route=\/wp\/v2\/types\/product"}],"wp:featuredmedia":[{"embeddable":true,"href":"https:\/\/assulba.com.br\/index.php?rest_route=\/wp\/v2\/media\/6274"}],"wp:attachment":[{"href":"https:\/\/assulba.com.br\/index.php?rest_route=%2Fwp%2Fv2%2Fmedia&parent=6273"}],"wp:term":[{"taxonomy":"product_brand","embeddable":true,"href":"https:\/\/assulba.com.br\/index.php?rest_route=%2Fwp%2Fv2%2Fproduct_brand&post=6273"},{"taxonomy":"product_cat","embeddable":true,"href":"https:\/\/assulba.com.br\/index.php?rest_route=%2Fwp%2Fv2%2Fproduct_cat&post=6273"},{"taxonomy":"product_tag","embeddable":true,"href":"https:\/\/assulba.com.br\/index.php?rest_route=%2Fwp%2Fv2%2Fproduct_tag&post=6273"}],"curies":[{"name":"wp","href":"https:\/\/api.w.org\/{rel}","templated":true}]}}