{"id":620,"date":"2017-11-13T21:46:42","date_gmt":"2017-11-14T00:46:42","guid":{"rendered":"http:\/\/assulba.com.br\/?post_type=product&#038;p=620"},"modified":"2024-03-17T01:02:27","modified_gmt":"2024-03-17T04:02:27","slug":"mangueira-trancada","status":"publish","type":"product","link":"https:\/\/assulba.com.br\/?product=mangueira-trancada","title":{"rendered":"MANGUEIRA FLEX TRAN\u00c7ADA 50M OU 100M TRAMONTINA"},"content":{"rendered":"","protected":false},"excerpt":{"rendered":"<p>Mangueira composta por 3 camadas: um tubo interno em PVC flex\u00edvel (Policloreto de vanila), refor\u00e7ada por uma camada de fios de poliester e cobertura em PVC flex\u00edvel (Policloreto de vanila).<\/p>\n<hr \/>\n<p><strong>OP\u00c7\u00d5ES DE COMPRIMENTOS<\/strong><br \/>\n25 metros<br \/>\n50 metros<br \/>\n100 metros<\/p>\n","protected":false},"featured_media":7041,"template":"","meta":[],"product_brand":[],"product_cat":[313],"product_tag":[35,39],"class_list":{"0":"post-620","1":"product","2":"type-product","3":"status-publish","4":"has-post-thumbnail","6":"product_cat-cat_jardinagem","7":"product_tag-jardim","8":"product_tag-mangueira","10":"first","11":"instock","12":"shipping-taxable","13":"purchasable","14":"product-type-variable"},"jetpack_sharing_enabled":true,"_links":{"self":[{"href":"https:\/\/assulba.com.br\/index.php?rest_route=\/wp\/v2\/product\/620","targetHints":{"allow":["GET"]}}],"collection":[{"href":"https:\/\/assulba.com.br\/index.php?rest_route=\/wp\/v2\/product"}],"about":[{"href":"https:\/\/assulba.com.br\/index.php?rest_route=\/wp\/v2\/types\/product"}],"wp:featuredmedia":[{"embeddable":true,"href":"https:\/\/assulba.com.br\/index.php?rest_route=\/wp\/v2\/media\/7041"}],"wp:attachment":[{"href":"https:\/\/assulba.com.br\/index.php?rest_route=%2Fwp%2Fv2%2Fmedia&parent=620"}],"wp:term":[{"taxonomy":"product_brand","embeddable":true,"href":"https:\/\/assulba.com.br\/index.php?rest_route=%2Fwp%2Fv2%2Fproduct_brand&post=620"},{"taxonomy":"product_cat","embeddable":true,"href":"https:\/\/assulba.com.br\/index.php?rest_route=%2Fwp%2Fv2%2Fproduct_cat&post=620"},{"taxonomy":"product_tag","embeddable":true,"href":"https:\/\/assulba.com.br\/index.php?rest_route=%2Fwp%2Fv2%2Fproduct_tag&post=620"}],"curies":[{"name":"wp","href":"https:\/\/api.w.org\/{rel}","templated":true}]}}