{"id":618,"date":"2017-11-13T21:44:31","date_gmt":"2017-11-14T00:44:31","guid":{"rendered":"http:\/\/assulba.com.br\/?post_type=product&#038;p=618"},"modified":"2024-03-17T01:02:27","modified_gmt":"2024-03-17T04:02:27","slug":"cestos-de-lixo","status":"publish","type":"product","link":"https:\/\/assulba.com.br\/?product=cestos-de-lixo","title":{"rendered":"LIXEIRA SEM TAMPA 15L TRILHA"},"content":{"rendered":"","protected":false},"excerpt":{"rendered":"<p>Cesto pl\u00e1stico preto sem tampa, da marca Trilha. Voltado para uso em escrit\u00f3rios, portarias de condom\u00ednios e banheiros.<\/p>\n<p>Medidas: Di\u00e2metro 23cm; Alt.29cm; Peso 0,44 kg<br \/>\nCestos de lixo 15L, sem tampa.<\/p>\n","protected":false},"featured_media":7296,"template":"","meta":[],"product_brand":[],"product_cat":[21,317],"product_tag":[70],"class_list":{"0":"post-618","1":"product","2":"type-product","3":"status-publish","4":"has-post-thumbnail","6":"product_cat-cat_lixeiras","7":"product_cat-cat_demaislixeiras","8":"product_tag-lixeiras","10":"first","11":"instock","12":"shipping-taxable","13":"purchasable","14":"product-type-simple"},"jetpack_sharing_enabled":true,"_links":{"self":[{"href":"https:\/\/assulba.com.br\/index.php?rest_route=\/wp\/v2\/product\/618","targetHints":{"allow":["GET"]}}],"collection":[{"href":"https:\/\/assulba.com.br\/index.php?rest_route=\/wp\/v2\/product"}],"about":[{"href":"https:\/\/assulba.com.br\/index.php?rest_route=\/wp\/v2\/types\/product"}],"wp:featuredmedia":[{"embeddable":true,"href":"https:\/\/assulba.com.br\/index.php?rest_route=\/wp\/v2\/media\/7296"}],"wp:attachment":[{"href":"https:\/\/assulba.com.br\/index.php?rest_route=%2Fwp%2Fv2%2Fmedia&parent=618"}],"wp:term":[{"taxonomy":"product_brand","embeddable":true,"href":"https:\/\/assulba.com.br\/index.php?rest_route=%2Fwp%2Fv2%2Fproduct_brand&post=618"},{"taxonomy":"product_cat","embeddable":true,"href":"https:\/\/assulba.com.br\/index.php?rest_route=%2Fwp%2Fv2%2Fproduct_cat&post=618"},{"taxonomy":"product_tag","embeddable":true,"href":"https:\/\/assulba.com.br\/index.php?rest_route=%2Fwp%2Fv2%2Fproduct_tag&post=618"}],"curies":[{"name":"wp","href":"https:\/\/api.w.org\/{rel}","templated":true}]}}