{"id":617,"date":"2017-11-13T21:43:46","date_gmt":"2017-11-14T00:43:46","guid":{"rendered":"http:\/\/assulba.com.br\/?post_type=product&#038;p=617"},"modified":"2024-03-17T01:02:27","modified_gmt":"2024-03-17T04:02:27","slug":"suporte-de-parede-pmangueira","status":"publish","type":"product","link":"https:\/\/assulba.com.br\/?product=suporte-de-parede-pmangueira","title":{"rendered":"Suporte de parede p\/mangueira TRAMONTINA"},"content":{"rendered":"","protected":false},"excerpt":{"rendered":"<p>REF. 1438<\/p>\n<p>Suporte fixo, em pl\u00e1stico, para mangueiras de 25 a 30m.<\/p>\n<p>CARACTER\u00cdSTICAS<br \/>\n1. Produto fabricado com mat\u00e9ria-prima de alta qualidade proporcionando mais durabilidade;<br \/>\n2. O suporte, al\u00e9m de guardar a mangueira do modo mais correto, ajuda na organiza\u00e7\u00e3o do espa\u00e7o.<\/p>\n<p>USO<br \/>\n1. O suporte fixo permite o armazenamento de 25 a 30 metros de mangueira de 1\/2&#8243;.<\/p>\n<p>Peso 0,22 kg<br \/>\nComprimento 252 mm<br \/>\nLargura 158 mm<br \/>\nAltura 180 mm<br \/>\nGarantia Contra defeitos de fabrica\u00e7\u00e3o<\/p>\n","protected":false},"featured_media":7862,"template":"","meta":[],"product_brand":[],"product_cat":[313],"product_tag":[35,39,132],"class_list":{"0":"post-617","1":"product","2":"type-product","3":"status-publish","4":"has-post-thumbnail","6":"product_cat-cat_jardinagem","7":"product_tag-jardim","8":"product_tag-mangueira","9":"product_tag-tramontina","11":"first","12":"instock","13":"shipping-taxable","14":"purchasable","15":"product-type-simple"},"jetpack_sharing_enabled":true,"_links":{"self":[{"href":"https:\/\/assulba.com.br\/index.php?rest_route=\/wp\/v2\/product\/617","targetHints":{"allow":["GET"]}}],"collection":[{"href":"https:\/\/assulba.com.br\/index.php?rest_route=\/wp\/v2\/product"}],"about":[{"href":"https:\/\/assulba.com.br\/index.php?rest_route=\/wp\/v2\/types\/product"}],"wp:featuredmedia":[{"embeddable":true,"href":"https:\/\/assulba.com.br\/index.php?rest_route=\/wp\/v2\/media\/7862"}],"wp:attachment":[{"href":"https:\/\/assulba.com.br\/index.php?rest_route=%2Fwp%2Fv2%2Fmedia&parent=617"}],"wp:term":[{"taxonomy":"product_brand","embeddable":true,"href":"https:\/\/assulba.com.br\/index.php?rest_route=%2Fwp%2Fv2%2Fproduct_brand&post=617"},{"taxonomy":"product_cat","embeddable":true,"href":"https:\/\/assulba.com.br\/index.php?rest_route=%2Fwp%2Fv2%2Fproduct_cat&post=617"},{"taxonomy":"product_tag","embeddable":true,"href":"https:\/\/assulba.com.br\/index.php?rest_route=%2Fwp%2Fv2%2Fproduct_tag&post=617"}],"curies":[{"name":"wp","href":"https:\/\/api.w.org\/{rel}","templated":true}]}}