{"id":6151,"date":"2020-09-13T18:14:40","date_gmt":"2020-09-13T21:14:40","guid":{"rendered":"https:\/\/assulba.com.br\/?post_type=product&#038;p=6151"},"modified":"2024-03-17T00:44:31","modified_gmt":"2024-03-17T03:44:31","slug":"luva-de-pvc-lisa-com-forro-46cm","status":"publish","type":"product","link":"https:\/\/assulba.com.br\/?product=luva-de-pvc-lisa-com-forro-46cm","title":{"rendered":"LUVA DE PVC LISA COM FORRO 46CM"},"content":{"rendered":"","protected":false},"excerpt":{"rendered":"<p>Luva em PVC resistente, com comprimento de 46 cm, protegendo o antebra\u00e7o por completo. Ideal para funcion\u00e1rios que recolhem o lixo em condom\u00ednios, manipulam contentores e esvaziam as lixeiras. Tamb\u00e9m para aqueles que realizam limpezas pesadas, protegendo as m\u00e3os de ferimentos, produtos qu\u00edmicos, ou bact\u00e9rias. Atende as normas EN388 e ISO374, referentes a prote\u00e7\u00e3o contra riscos mec\u00e2nicos e riscos qu\u00edmicos, respectivamente.<\/p>\n","protected":false},"featured_media":6152,"template":"","meta":[],"product_brand":[],"product_cat":[305],"product_tag":[168,27,167,127],"class_list":{"0":"post-6151","1":"product","2":"type-product","3":"status-publish","4":"has-post-thumbnail","6":"product_cat-cat_epi","7":"product_tag-epi","8":"product_tag-limpeza","9":"product_tag-luva","10":"product_tag-seguranca","12":"first","13":"instock","14":"shipping-taxable","15":"purchasable","16":"product-type-simple"},"jetpack_sharing_enabled":true,"_links":{"self":[{"href":"https:\/\/assulba.com.br\/index.php?rest_route=\/wp\/v2\/product\/6151","targetHints":{"allow":["GET"]}}],"collection":[{"href":"https:\/\/assulba.com.br\/index.php?rest_route=\/wp\/v2\/product"}],"about":[{"href":"https:\/\/assulba.com.br\/index.php?rest_route=\/wp\/v2\/types\/product"}],"wp:featuredmedia":[{"embeddable":true,"href":"https:\/\/assulba.com.br\/index.php?rest_route=\/wp\/v2\/media\/6152"}],"wp:attachment":[{"href":"https:\/\/assulba.com.br\/index.php?rest_route=%2Fwp%2Fv2%2Fmedia&parent=6151"}],"wp:term":[{"taxonomy":"product_brand","embeddable":true,"href":"https:\/\/assulba.com.br\/index.php?rest_route=%2Fwp%2Fv2%2Fproduct_brand&post=6151"},{"taxonomy":"product_cat","embeddable":true,"href":"https:\/\/assulba.com.br\/index.php?rest_route=%2Fwp%2Fv2%2Fproduct_cat&post=6151"},{"taxonomy":"product_tag","embeddable":true,"href":"https:\/\/assulba.com.br\/index.php?rest_route=%2Fwp%2Fv2%2Fproduct_tag&post=6151"}],"curies":[{"name":"wp","href":"https:\/\/api.w.org\/{rel}","templated":true}]}}