{"id":6149,"date":"2020-09-13T17:59:45","date_gmt":"2020-09-13T20:59:45","guid":{"rendered":"https:\/\/assulba.com.br\/?post_type=product&#038;p=6149"},"modified":"2024-03-17T00:44:31","modified_gmt":"2024-03-17T03:44:31","slug":"luva-de-protecao-pigmentada-de-malha","status":"publish","type":"product","link":"https:\/\/assulba.com.br\/?product=luva-de-protecao-pigmentada-de-malha","title":{"rendered":"LUVA DE PROTE\u00c7\u00c3O PIGMENTADA DE MALHA"},"content":{"rendered":"","protected":false},"excerpt":{"rendered":"<p>Luva de malha de algod\u00e3o tricotado. Pigmentada com PVC no lado da palma. Protege contra abrasivos, cortantes, perfurantes e escoriantes. Certificados de Aprova\u00e7\u00e3o 38876 e 38879.<\/p>\n","protected":false},"featured_media":6150,"template":"","meta":[],"product_brand":[],"product_cat":[305],"product_tag":[168,167,127],"class_list":{"0":"post-6149","1":"product","2":"type-product","3":"status-publish","4":"has-post-thumbnail","6":"product_cat-cat_epi","7":"product_tag-epi","8":"product_tag-luva","9":"product_tag-seguranca","11":"first","12":"instock","13":"shipping-taxable","14":"purchasable","15":"product-type-simple"},"jetpack_sharing_enabled":true,"_links":{"self":[{"href":"https:\/\/assulba.com.br\/index.php?rest_route=\/wp\/v2\/product\/6149","targetHints":{"allow":["GET"]}}],"collection":[{"href":"https:\/\/assulba.com.br\/index.php?rest_route=\/wp\/v2\/product"}],"about":[{"href":"https:\/\/assulba.com.br\/index.php?rest_route=\/wp\/v2\/types\/product"}],"wp:featuredmedia":[{"embeddable":true,"href":"https:\/\/assulba.com.br\/index.php?rest_route=\/wp\/v2\/media\/6150"}],"wp:attachment":[{"href":"https:\/\/assulba.com.br\/index.php?rest_route=%2Fwp%2Fv2%2Fmedia&parent=6149"}],"wp:term":[{"taxonomy":"product_brand","embeddable":true,"href":"https:\/\/assulba.com.br\/index.php?rest_route=%2Fwp%2Fv2%2Fproduct_brand&post=6149"},{"taxonomy":"product_cat","embeddable":true,"href":"https:\/\/assulba.com.br\/index.php?rest_route=%2Fwp%2Fv2%2Fproduct_cat&post=6149"},{"taxonomy":"product_tag","embeddable":true,"href":"https:\/\/assulba.com.br\/index.php?rest_route=%2Fwp%2Fv2%2Fproduct_tag&post=6149"}],"curies":[{"name":"wp","href":"https:\/\/api.w.org\/{rel}","templated":true}]}}