{"id":6140,"date":"2020-09-13T17:04:18","date_gmt":"2020-09-13T20:04:18","guid":{"rendered":"https:\/\/assulba.com.br\/?post_type=product&#038;p=6140"},"modified":"2024-03-17T01:01:03","modified_gmt":"2024-03-17T04:01:03","slug":"bota-de-pvc-3-4-preto-e-amarelo-com-forro","status":"publish","type":"product","link":"https:\/\/assulba.com.br\/?product=bota-de-pvc-3-4-preto-e-amarelo-com-forro","title":{"rendered":"BOTA DE PVC 3\/4 PRETO E AMARELO VONDER"},"content":{"rendered":"","protected":false},"excerpt":{"rendered":"<p>Recomendada para funcion\u00e1rios de limpeza, da constru\u00e7\u00e3o civil, entre outros. Com o cano 3\/4, ela evita que os profissionais encharquem seus cal\u00e7ados ao fazerem limpeza de pisos, operarem lavadoras, usarem baldes com \u00e1gua, ou mangueiras. Solado mais resistente e cano macio, por ser injetado em duas etapas.<br \/>\nCano da bota: 17cm<br \/>\nModelo com forro.<\/p>\n<p><strong>OP\u00c7\u00d5ES DE TAMANHO<\/strong><br \/>\n37\/38<br \/>\n39<br \/>\n40<br \/>\n41<br \/>\n42<br \/>\n43\/44<\/p>\n","protected":false},"featured_media":6141,"template":"","meta":[],"product_brand":[],"product_cat":[305],"product_tag":[147,148,168,27,127],"class_list":{"0":"post-6140","1":"product","2":"type-product","3":"status-publish","4":"has-post-thumbnail","6":"product_cat-cat_epi","7":"product_tag-bota","8":"product_tag-calcado","9":"product_tag-epi","10":"product_tag-limpeza","11":"product_tag-seguranca","13":"first","14":"instock","15":"shipping-taxable","16":"purchasable","17":"product-type-variable"},"jetpack_sharing_enabled":true,"_links":{"self":[{"href":"https:\/\/assulba.com.br\/index.php?rest_route=\/wp\/v2\/product\/6140","targetHints":{"allow":["GET"]}}],"collection":[{"href":"https:\/\/assulba.com.br\/index.php?rest_route=\/wp\/v2\/product"}],"about":[{"href":"https:\/\/assulba.com.br\/index.php?rest_route=\/wp\/v2\/types\/product"}],"wp:featuredmedia":[{"embeddable":true,"href":"https:\/\/assulba.com.br\/index.php?rest_route=\/wp\/v2\/media\/6141"}],"wp:attachment":[{"href":"https:\/\/assulba.com.br\/index.php?rest_route=%2Fwp%2Fv2%2Fmedia&parent=6140"}],"wp:term":[{"taxonomy":"product_brand","embeddable":true,"href":"https:\/\/assulba.com.br\/index.php?rest_route=%2Fwp%2Fv2%2Fproduct_brand&post=6140"},{"taxonomy":"product_cat","embeddable":true,"href":"https:\/\/assulba.com.br\/index.php?rest_route=%2Fwp%2Fv2%2Fproduct_cat&post=6140"},{"taxonomy":"product_tag","embeddable":true,"href":"https:\/\/assulba.com.br\/index.php?rest_route=%2Fwp%2Fv2%2Fproduct_tag&post=6140"}],"curies":[{"name":"wp","href":"https:\/\/api.w.org\/{rel}","templated":true}]}}