{"id":611,"date":"2017-11-13T21:35:33","date_gmt":"2017-11-14T00:35:33","guid":{"rendered":"http:\/\/assulba.com.br\/?post_type=product&#038;p=611"},"modified":"2024-03-17T01:02:27","modified_gmt":"2024-03-17T04:02:27","slug":"vassoura-metalica","status":"publish","type":"product","link":"https:\/\/assulba.com.br\/?product=vassoura-metalica","title":{"rendered":"Vassoura met\u00e1lica regul\u00e1vel de jardim Tramontina"},"content":{"rendered":"","protected":false},"excerpt":{"rendered":"<p>A vassoura met\u00e1lica Tramontina \u00e9 utilizada para varrer folhas de jardim e a grama ap\u00f3s o corte, al\u00e9m de servir para limpar outras sujeiras no gramado. Produzida em a\u00e7o cabono de alta qualidade, com pintura eletrost\u00e1tica a p\u00f3 para maior prote\u00e7\u00e3o contra oxida\u00e7\u00e3o, \u00e9 regul\u00e1vel na dist\u00e2ncia entre os dentes, a fim de que seja adapt\u00e1vel para a limpeza de diversos tipos de res\u00edduos. Acompanha cabo de madeira de 120cm com acabamento envernizado. \u00c9 leve e confort\u00e1vel de manusear.<\/p>\n<p>O cabo e a base pl\u00e1stica juntos apresentam a altura total de 153cm e largura de 44cm, com peso de 0,87kg. Possui garantia de 3 meses contra defeitos de fabrica\u00e7\u00e3o.<\/p>\n","protected":false},"featured_media":4974,"template":"","meta":[],"product_brand":[],"product_cat":[313],"product_tag":[35,132,52],"class_list":{"0":"post-611","1":"product","2":"type-product","3":"status-publish","4":"has-post-thumbnail","6":"product_cat-cat_jardinagem","7":"product_tag-jardim","8":"product_tag-tramontina","9":"product_tag-vassoura","11":"first","12":"instock","13":"shipping-taxable","14":"purchasable","15":"product-type-simple"},"jetpack_sharing_enabled":true,"_links":{"self":[{"href":"https:\/\/assulba.com.br\/index.php?rest_route=\/wp\/v2\/product\/611","targetHints":{"allow":["GET"]}}],"collection":[{"href":"https:\/\/assulba.com.br\/index.php?rest_route=\/wp\/v2\/product"}],"about":[{"href":"https:\/\/assulba.com.br\/index.php?rest_route=\/wp\/v2\/types\/product"}],"wp:featuredmedia":[{"embeddable":true,"href":"https:\/\/assulba.com.br\/index.php?rest_route=\/wp\/v2\/media\/4974"}],"wp:attachment":[{"href":"https:\/\/assulba.com.br\/index.php?rest_route=%2Fwp%2Fv2%2Fmedia&parent=611"}],"wp:term":[{"taxonomy":"product_brand","embeddable":true,"href":"https:\/\/assulba.com.br\/index.php?rest_route=%2Fwp%2Fv2%2Fproduct_brand&post=611"},{"taxonomy":"product_cat","embeddable":true,"href":"https:\/\/assulba.com.br\/index.php?rest_route=%2Fwp%2Fv2%2Fproduct_cat&post=611"},{"taxonomy":"product_tag","embeddable":true,"href":"https:\/\/assulba.com.br\/index.php?rest_route=%2Fwp%2Fv2%2Fproduct_tag&post=611"}],"curies":[{"name":"wp","href":"https:\/\/api.w.org\/{rel}","templated":true}]}}