{"id":6079,"date":"2020-09-08T19:39:34","date_gmt":"2020-09-08T22:39:34","guid":{"rendered":"https:\/\/assulba.com.br\/?post_type=product&#038;p=6079"},"modified":"2024-03-17T01:01:03","modified_gmt":"2024-03-17T04:01:03","slug":"dispensador-de-alcool-e-sabonete-exaccta-plus","status":"publish","type":"product","link":"https:\/\/assulba.com.br\/?product=dispensador-de-alcool-e-sabonete-exaccta-plus","title":{"rendered":"DISPENSADOR DE \u00c1LCOOL E SABONETE EXACCTA PLUS"},"content":{"rendered":"","protected":false},"excerpt":{"rendered":"<p>A Exaccta Plus \u00e9 a nova linha da marca Exaccta. Este dispensador para sabonete e \u00e1lcool possui v\u00e1lvula fixa, o que permite um melhor desempenho para a utiliza\u00e7\u00e3o com \u00e1lcool gel, reduzindo as chances de entupimento e aumentando a vida \u00fatil do utens\u00edlio. Al\u00e9m disso, possui um pre\u00e7o mais econ\u00f4mico que os demais modelos da marca.<\/p>\n","protected":false},"featured_media":8534,"template":"","meta":[],"product_brand":[],"product_cat":[22],"product_tag":[83,91,162,95],"class_list":{"0":"post-6079","1":"product","2":"type-product","3":"status-publish","4":"has-post-thumbnail","6":"product_cat-banheiro","7":"product_tag-banheiro","8":"product_tag-dispenser","9":"product_tag-higiene","10":"product_tag-saboneteira","12":"first","13":"instock","14":"shipping-taxable","15":"purchasable","16":"product-type-simple"},"jetpack_sharing_enabled":true,"_links":{"self":[{"href":"https:\/\/assulba.com.br\/index.php?rest_route=\/wp\/v2\/product\/6079","targetHints":{"allow":["GET"]}}],"collection":[{"href":"https:\/\/assulba.com.br\/index.php?rest_route=\/wp\/v2\/product"}],"about":[{"href":"https:\/\/assulba.com.br\/index.php?rest_route=\/wp\/v2\/types\/product"}],"wp:featuredmedia":[{"embeddable":true,"href":"https:\/\/assulba.com.br\/index.php?rest_route=\/wp\/v2\/media\/8534"}],"wp:attachment":[{"href":"https:\/\/assulba.com.br\/index.php?rest_route=%2Fwp%2Fv2%2Fmedia&parent=6079"}],"wp:term":[{"taxonomy":"product_brand","embeddable":true,"href":"https:\/\/assulba.com.br\/index.php?rest_route=%2Fwp%2Fv2%2Fproduct_brand&post=6079"},{"taxonomy":"product_cat","embeddable":true,"href":"https:\/\/assulba.com.br\/index.php?rest_route=%2Fwp%2Fv2%2Fproduct_cat&post=6079"},{"taxonomy":"product_tag","embeddable":true,"href":"https:\/\/assulba.com.br\/index.php?rest_route=%2Fwp%2Fv2%2Fproduct_tag&post=6079"}],"curies":[{"name":"wp","href":"https:\/\/api.w.org\/{rel}","templated":true}]}}