{"id":607,"date":"2017-11-13T21:32:37","date_gmt":"2017-11-14T00:32:37","guid":{"rendered":"http:\/\/assulba.com.br\/?post_type=product&#038;p=607"},"modified":"2024-03-17T01:02:27","modified_gmt":"2024-03-17T04:02:27","slug":"hidropistola-multifuncao-2","status":"publish","type":"product","link":"https:\/\/assulba.com.br\/?product=hidropistola-multifuncao-2","title":{"rendered":"Hidropistola multifun\u00e7\u00e3o TRAMONTINA"},"content":{"rendered":"","protected":false},"excerpt":{"rendered":"<p>REF. 1465<\/p>\n<p>Hidropistola multifun\u00e7\u00e3o, 10 tipos de jatos, para engate r\u00e1pido.<\/p>\n<p>Ferramenta da ponta do sistema;<br \/>\nUtilizada para irrigar o jardim ou a horta dom\u00e9stica;<br \/>\nUsada em mangueiras com engate r\u00e1pido de 1\/2&#8243;, 3\/4&#8243; ou 5\/8&#8243;.<\/p>\n<p>&#8211; Produto fabricado com mat\u00e9ria-prima de alta qualidade proporcionando uma irriga\u00e7\u00e3o precisa e confi\u00e1vel.<br \/>\n&#8211; 10 tipos de jato d&#039;\u00e1gua: jato concentrado (full), jato chuveirinho (shower), jato disperso (scatter), jato c\u00f4nico (cone), jato m\u00faltiplo (quincunx), jato direcionado (jet), jato centralizado (center), jato n\u00e9voa (mist), jato leque horizontal (flat) e jato leque vertical (vertical).<br \/>\n&#8211; Cabo anat\u00f4mico com revestimento emborrachado.<br \/>\n&#8211; A hidropistola \u00e9 conectada em mangueiras de 1\/2&#8243;, 5\/8&#8243; e 3\/4&#8243; atrav\u00e9s de sistema de engate r\u00e1pido.<br \/>\n&#8211; Trava permite trancar a vaz\u00e3o de \u00e1gua desejada (prevenindo cansa\u00e7o da m\u00e3o).<br \/>\n&#8211; Regulagem da vaz\u00e3o acess\u00edvel na pr\u00f3pria m\u00e3o.<br \/>\n&#8211; Produto comercializado em blister\/cartela.<\/p>\n<p>Peso\t0,26 kg<br \/>\nComprimento\t167 mm<br \/>\nLargura\t64 mm<br \/>\nAltura\t162 mm<br \/>\nGarantia\tContra defeitos de fabrica\u00e7\u00e3o<\/p>\n","protected":false},"featured_media":1353,"template":"","meta":[],"product_brand":[],"product_cat":[313],"product_tag":[35,39,132],"class_list":{"0":"post-607","1":"product","2":"type-product","3":"status-publish","4":"has-post-thumbnail","6":"product_cat-cat_jardinagem","7":"product_tag-jardim","8":"product_tag-mangueira","9":"product_tag-tramontina","11":"first","12":"instock","13":"shipping-taxable","14":"purchasable","15":"product-type-simple"},"jetpack_sharing_enabled":true,"_links":{"self":[{"href":"https:\/\/assulba.com.br\/index.php?rest_route=\/wp\/v2\/product\/607","targetHints":{"allow":["GET"]}}],"collection":[{"href":"https:\/\/assulba.com.br\/index.php?rest_route=\/wp\/v2\/product"}],"about":[{"href":"https:\/\/assulba.com.br\/index.php?rest_route=\/wp\/v2\/types\/product"}],"wp:featuredmedia":[{"embeddable":true,"href":"https:\/\/assulba.com.br\/index.php?rest_route=\/wp\/v2\/media\/1353"}],"wp:attachment":[{"href":"https:\/\/assulba.com.br\/index.php?rest_route=%2Fwp%2Fv2%2Fmedia&parent=607"}],"wp:term":[{"taxonomy":"product_brand","embeddable":true,"href":"https:\/\/assulba.com.br\/index.php?rest_route=%2Fwp%2Fv2%2Fproduct_brand&post=607"},{"taxonomy":"product_cat","embeddable":true,"href":"https:\/\/assulba.com.br\/index.php?rest_route=%2Fwp%2Fv2%2Fproduct_cat&post=607"},{"taxonomy":"product_tag","embeddable":true,"href":"https:\/\/assulba.com.br\/index.php?rest_route=%2Fwp%2Fv2%2Fproduct_tag&post=607"}],"curies":[{"name":"wp","href":"https:\/\/api.w.org\/{rel}","templated":true}]}}