{"id":606,"date":"2017-11-13T21:32:06","date_gmt":"2017-11-14T00:32:06","guid":{"rendered":"http:\/\/assulba.com.br\/?post_type=product&#038;p=606"},"modified":"2024-03-17T01:02:27","modified_gmt":"2024-03-17T04:02:27","slug":"hidropistola","status":"publish","type":"product","link":"https:\/\/assulba.com.br\/?product=hidropistola","title":{"rendered":"Hidropistola TRAMONTINA"},"content":{"rendered":"","protected":false},"excerpt":{"rendered":"<p>REF. 1487<\/p>\n<p>Hidropistola Jato, para engate r\u00e1pido.<\/p>\n<p>Ferramenta da ponta do sistema;<br \/>\nUtilizada para irrigar o jardim ou a horta dom\u00e9stica;<br \/>\nUsada em mangueiras com engate r\u00e1pido de 1\/2&#8243;, 3\/4&#8243; ou 5\/8&#8243;.<\/p>\n<p>1. Produto fabricado com mat\u00e9ria-prima de alta qualidade proporcionando uma irriga\u00e7\u00e3o precisa e confi\u00e1vel;<br \/>\n2. Possui sistema de bloqueio da \u00e1gua;<br \/>\n3. Sistema intercambi\u00e1vel que se adapta a todo o sistema de irriga\u00e7\u00e3o;<br \/>\n4. Dispensa o uso de ferramentas na montagem.<\/p>\n<p>Peso\t0,17 kg<br \/>\nComprimento\t180 mm<br \/>\nLargura\t40 mm<br \/>\nAltura\t150 mm<\/p>\n","protected":false},"featured_media":1355,"template":"","meta":[],"product_brand":[],"product_cat":[313],"product_tag":[35,39,132],"class_list":{"0":"post-606","1":"product","2":"type-product","3":"status-publish","4":"has-post-thumbnail","6":"product_cat-cat_jardinagem","7":"product_tag-jardim","8":"product_tag-mangueira","9":"product_tag-tramontina","11":"first","12":"instock","13":"shipping-taxable","14":"purchasable","15":"product-type-simple"},"jetpack_sharing_enabled":true,"_links":{"self":[{"href":"https:\/\/assulba.com.br\/index.php?rest_route=\/wp\/v2\/product\/606","targetHints":{"allow":["GET"]}}],"collection":[{"href":"https:\/\/assulba.com.br\/index.php?rest_route=\/wp\/v2\/product"}],"about":[{"href":"https:\/\/assulba.com.br\/index.php?rest_route=\/wp\/v2\/types\/product"}],"wp:featuredmedia":[{"embeddable":true,"href":"https:\/\/assulba.com.br\/index.php?rest_route=\/wp\/v2\/media\/1355"}],"wp:attachment":[{"href":"https:\/\/assulba.com.br\/index.php?rest_route=%2Fwp%2Fv2%2Fmedia&parent=606"}],"wp:term":[{"taxonomy":"product_brand","embeddable":true,"href":"https:\/\/assulba.com.br\/index.php?rest_route=%2Fwp%2Fv2%2Fproduct_brand&post=606"},{"taxonomy":"product_cat","embeddable":true,"href":"https:\/\/assulba.com.br\/index.php?rest_route=%2Fwp%2Fv2%2Fproduct_cat&post=606"},{"taxonomy":"product_tag","embeddable":true,"href":"https:\/\/assulba.com.br\/index.php?rest_route=%2Fwp%2Fv2%2Fproduct_tag&post=606"}],"curies":[{"name":"wp","href":"https:\/\/api.w.org\/{rel}","templated":true}]}}