{"id":605,"date":"2017-11-13T22:08:06","date_gmt":"2017-11-14T01:08:06","guid":{"rendered":"http:\/\/assulba.com.br\/?post_type=product&#038;p=605"},"modified":"2024-03-17T01:02:26","modified_gmt":"2024-03-17T04:02:26","slug":"pa","status":"publish","type":"product","link":"https:\/\/assulba.com.br\/?product=pa","title":{"rendered":"P\u00e1 Quadrada TRAMONTINA"},"content":{"rendered":"","protected":false},"excerpt":{"rendered":"<p>PROMO\u00c7\u00c3O: V\u00e1lida enquanto houver produto em estoque.<\/p>\n<p>REF. 1416<\/p>\n<p>P\u00e1 quadrada, cabo de madeira 74 cm.<\/p>\n<p>CARACTER\u00cdSTICAS<br \/>\n&#8211; A p\u00e1 \u00e9 fabricada em a\u00e7o carbono especial de alta qualidade, cortada a laser.<br \/>\n&#8211; \u00c9 temperada em todo o corpo da pe\u00e7a, proporcionando maior resist\u00eancia e menor desgaste durante o uso.<br \/>\n&#8211; Recebe pintura eletrost\u00e1tica a p\u00f3, que tem uma melhor apresenta\u00e7\u00e3o visual e maior prote\u00e7\u00e3o contra oxida\u00e7\u00e3o.<br \/>\n&#8211; O cabo de 74 cm desta ferramenta, al\u00e9m de possuir \u00f3tima resist\u00eancia, \u00e9 produzido com madeira de origem renov\u00e1vel.<\/p>\n<p>Recomenda\u00e7\u00f5es de Uso:<br \/>\nA p\u00e1 \u00e9 utilizada na agricultura, jardinagem e constru\u00e7\u00e3o civil, para juntar ou carregar materiais diversos (como areia, cascalho e terra) em superf\u00edcies planas.<\/p>\n<p>Peso\t1,73 kg<br \/>\nComprimento\t1000 mm<br \/>\nLargura\t250 mm<br \/>\nAltura\t159 mm<br \/>\nGarantia\tContra defeitos de fabrica\u00e7\u00e3o<\/p>\n","protected":false},"featured_media":1330,"template":"","meta":[],"product_brand":[],"product_cat":[313],"product_tag":[34,35,132],"class_list":{"0":"post-605","1":"product","2":"type-product","3":"status-publish","4":"has-post-thumbnail","6":"product_cat-cat_jardinagem","7":"product_tag-ferramenta","8":"product_tag-jardim","9":"product_tag-tramontina","11":"first","12":"instock","13":"shipping-taxable","14":"purchasable","15":"product-type-simple"},"jetpack_sharing_enabled":true,"_links":{"self":[{"href":"https:\/\/assulba.com.br\/index.php?rest_route=\/wp\/v2\/product\/605","targetHints":{"allow":["GET"]}}],"collection":[{"href":"https:\/\/assulba.com.br\/index.php?rest_route=\/wp\/v2\/product"}],"about":[{"href":"https:\/\/assulba.com.br\/index.php?rest_route=\/wp\/v2\/types\/product"}],"wp:featuredmedia":[{"embeddable":true,"href":"https:\/\/assulba.com.br\/index.php?rest_route=\/wp\/v2\/media\/1330"}],"wp:attachment":[{"href":"https:\/\/assulba.com.br\/index.php?rest_route=%2Fwp%2Fv2%2Fmedia&parent=605"}],"wp:term":[{"taxonomy":"product_brand","embeddable":true,"href":"https:\/\/assulba.com.br\/index.php?rest_route=%2Fwp%2Fv2%2Fproduct_brand&post=605"},{"taxonomy":"product_cat","embeddable":true,"href":"https:\/\/assulba.com.br\/index.php?rest_route=%2Fwp%2Fv2%2Fproduct_cat&post=605"},{"taxonomy":"product_tag","embeddable":true,"href":"https:\/\/assulba.com.br\/index.php?rest_route=%2Fwp%2Fv2%2Fproduct_tag&post=605"}],"curies":[{"name":"wp","href":"https:\/\/api.w.org\/{rel}","templated":true}]}}