{"id":598,"date":"2017-11-13T21:23:10","date_gmt":"2017-11-13T21:23:10","guid":{"rendered":"http:\/\/assulba.com.br\/?post_type=product&#038;p=598"},"modified":"2024-03-17T01:02:27","modified_gmt":"2024-03-17T04:02:27","slug":"playground-star-play-iii","status":"publish","type":"product","link":"https:\/\/assulba.com.br\/?product=playground-star-play-iii","title":{"rendered":"Playground Star Play III"},"content":{"rendered":"","protected":false},"excerpt":{"rendered":"<p>(SOB ENCOMENDA)<\/p>\n<p>REF. 1961<\/p>\n<p>\u2022 Playground Multicolorido.<br \/>\n\u2022 Jogo interativo.<br \/>\n\u2022 Estrutura de a\u00e7o tubular.<br \/>\n\u2022 Pintura eletroest\u00e1tica com piso refor\u00e7ado.<br \/>\n\u2022 Escada dupla para acesso ao piso superior.<br \/>\n\u2022 Escorregador Espiral.<br \/>\n\u2022 Lateral com bolha acr\u00edlica.<br \/>\n\u2022 Piso em polietileno com grade de prote\u00e7\u00e3o.<br \/>\n\u2022 Plataforma.<br \/>\n\u2022 Telhado.<br \/>\n\u2022 Escorregador duplo com sa\u00eddas opostas.<br \/>\n\u2022 Piscina de bolinhas acompanhado com 1.000 bolas.<br \/>\n\u2022 Escorregador formato de t\u00fanel em curva com tr\u00eas bases de seguran\u00e7a.<\/p>\n<p>Largura: 3,10m<br \/>\nAltura: 3,00m<br \/>\nComprimento: 5,11m<\/p>\n","protected":false},"featured_media":4517,"template":"","meta":[],"product_brand":[],"product_cat":[159],"product_tag":[104,89,105,103],"class_list":{"0":"post-598","1":"product","2":"type-product","3":"status-publish","4":"has-post-thumbnail","6":"product_cat-cat_moveis_play","7":"product_tag-brinquedos","8":"product_tag-infantil","9":"product_tag-parquinho","10":"product_tag-playground","12":"first","13":"instock","14":"shipping-taxable","15":"purchasable","16":"product-type-simple"},"jetpack_sharing_enabled":true,"_links":{"self":[{"href":"https:\/\/assulba.com.br\/index.php?rest_route=\/wp\/v2\/product\/598","targetHints":{"allow":["GET"]}}],"collection":[{"href":"https:\/\/assulba.com.br\/index.php?rest_route=\/wp\/v2\/product"}],"about":[{"href":"https:\/\/assulba.com.br\/index.php?rest_route=\/wp\/v2\/types\/product"}],"wp:featuredmedia":[{"embeddable":true,"href":"https:\/\/assulba.com.br\/index.php?rest_route=\/wp\/v2\/media\/4517"}],"wp:attachment":[{"href":"https:\/\/assulba.com.br\/index.php?rest_route=%2Fwp%2Fv2%2Fmedia&parent=598"}],"wp:term":[{"taxonomy":"product_brand","embeddable":true,"href":"https:\/\/assulba.com.br\/index.php?rest_route=%2Fwp%2Fv2%2Fproduct_brand&post=598"},{"taxonomy":"product_cat","embeddable":true,"href":"https:\/\/assulba.com.br\/index.php?rest_route=%2Fwp%2Fv2%2Fproduct_cat&post=598"},{"taxonomy":"product_tag","embeddable":true,"href":"https:\/\/assulba.com.br\/index.php?rest_route=%2Fwp%2Fv2%2Fproduct_tag&post=598"}],"curies":[{"name":"wp","href":"https:\/\/api.w.org\/{rel}","templated":true}]}}