{"id":596,"date":"2017-11-13T21:21:20","date_gmt":"2017-11-13T21:21:20","guid":{"rendered":"http:\/\/assulba.com.br\/?post_type=product&#038;p=596"},"modified":"2024-03-17T01:02:27","modified_gmt":"2024-03-17T04:02:27","slug":"playground-master","status":"publish","type":"product","link":"https:\/\/assulba.com.br\/?product=playground-master","title":{"rendered":"Playground Master"},"content":{"rendered":"","protected":false},"excerpt":{"rendered":"<p>(SOB ENCOMENDA)<\/p>\n<p>REF. 1942<\/p>\n<p>\u2022 Playground modular cores diversas.<br \/>\n\u2022 2 torres conectadas por um t\u00fanel.<br \/>\n\u2022 Escorregador m\u00e9dio reto.<br \/>\n\u2022 T\u00fanel de liga\u00e7\u00e3o vazada.<br \/>\n\u2022 Escorregador grande abaulada no centro tipo tobog\u00e3 com trava de seguran\u00e7a.<br \/>\n\u2022 Centro de atividades.<br \/>\n\u2022 Entrada na lateral com porta para crian\u00e7as menores.<\/p>\n<p>Largura: 2,52m<br \/>\nAltura: 1,80m<br \/>\nComprimento: 4,20m<\/p>\n","protected":false},"featured_media":4534,"template":"","meta":[],"product_brand":[],"product_cat":[159],"product_tag":[104,89,105,103],"class_list":{"0":"post-596","1":"product","2":"type-product","3":"status-publish","4":"has-post-thumbnail","6":"product_cat-cat_moveis_play","7":"product_tag-brinquedos","8":"product_tag-infantil","9":"product_tag-parquinho","10":"product_tag-playground","12":"first","13":"instock","14":"shipping-taxable","15":"purchasable","16":"product-type-simple"},"jetpack_sharing_enabled":true,"_links":{"self":[{"href":"https:\/\/assulba.com.br\/index.php?rest_route=\/wp\/v2\/product\/596","targetHints":{"allow":["GET"]}}],"collection":[{"href":"https:\/\/assulba.com.br\/index.php?rest_route=\/wp\/v2\/product"}],"about":[{"href":"https:\/\/assulba.com.br\/index.php?rest_route=\/wp\/v2\/types\/product"}],"wp:featuredmedia":[{"embeddable":true,"href":"https:\/\/assulba.com.br\/index.php?rest_route=\/wp\/v2\/media\/4534"}],"wp:attachment":[{"href":"https:\/\/assulba.com.br\/index.php?rest_route=%2Fwp%2Fv2%2Fmedia&parent=596"}],"wp:term":[{"taxonomy":"product_brand","embeddable":true,"href":"https:\/\/assulba.com.br\/index.php?rest_route=%2Fwp%2Fv2%2Fproduct_brand&post=596"},{"taxonomy":"product_cat","embeddable":true,"href":"https:\/\/assulba.com.br\/index.php?rest_route=%2Fwp%2Fv2%2Fproduct_cat&post=596"},{"taxonomy":"product_tag","embeddable":true,"href":"https:\/\/assulba.com.br\/index.php?rest_route=%2Fwp%2Fv2%2Fproduct_tag&post=596"}],"curies":[{"name":"wp","href":"https:\/\/api.w.org\/{rel}","templated":true}]}}