{"id":593,"date":"2017-11-13T21:19:04","date_gmt":"2017-11-14T00:19:04","guid":{"rendered":"http:\/\/assulba.com.br\/?post_type=product&#038;p=593"},"modified":"2024-03-17T01:02:27","modified_gmt":"2024-03-17T04:02:27","slug":"porta-guarda-chuvas","status":"publish","type":"product","link":"https:\/\/assulba.com.br\/?product=porta-guarda-chuvas","title":{"rendered":"Porta guarda-chuvas inox BRINOX"},"content":{"rendered":"","protected":false},"excerpt":{"rendered":"<p>REF. 3631<\/p>\n<p>Detalhes que fazem muita diferen\u00e7a: possuir um cesto para guarda-chuvas no seu escrit\u00f3rio, empresa ou casa evita que o seu piso seja danificado pela umidade e tamb\u00e9m que os seus amigos ou clientes percam tempo procurando um lugar adequado para deixar o guarda-chuvas sem constrangimentos. O cesto Gamma da linha Decorline resolve estes problemas com muito estilo. Seu corpo em a\u00e7o inox com acabamento alto brilho \u00e9 elegante, resistente e f\u00e1cil de limpar. A base pl\u00e1stica interna evita que a \u00e1gua escoe e protege o pavimento. Uma solu\u00e7\u00e3o sofisticada e completa para os dias de chuva. <\/p>\n<p>Inox.<br \/>\n20cmx43cm de dimens\u00e3o.<\/p>\n","protected":false},"featured_media":3050,"template":"","meta":[],"product_brand":[],"product_cat":[303],"product_tag":[119,31],"class_list":{"0":"post-593","1":"product","2":"type-product","3":"status-publish","4":"has-post-thumbnail","6":"product_cat-servico-espera","7":"product_tag-guarda-chuva","8":"product_tag-inox","10":"first","11":"instock","12":"shipping-taxable","13":"purchasable","14":"product-type-simple"},"jetpack_sharing_enabled":true,"_links":{"self":[{"href":"https:\/\/assulba.com.br\/index.php?rest_route=\/wp\/v2\/product\/593","targetHints":{"allow":["GET"]}}],"collection":[{"href":"https:\/\/assulba.com.br\/index.php?rest_route=\/wp\/v2\/product"}],"about":[{"href":"https:\/\/assulba.com.br\/index.php?rest_route=\/wp\/v2\/types\/product"}],"wp:featuredmedia":[{"embeddable":true,"href":"https:\/\/assulba.com.br\/index.php?rest_route=\/wp\/v2\/media\/3050"}],"wp:attachment":[{"href":"https:\/\/assulba.com.br\/index.php?rest_route=%2Fwp%2Fv2%2Fmedia&parent=593"}],"wp:term":[{"taxonomy":"product_brand","embeddable":true,"href":"https:\/\/assulba.com.br\/index.php?rest_route=%2Fwp%2Fv2%2Fproduct_brand&post=593"},{"taxonomy":"product_cat","embeddable":true,"href":"https:\/\/assulba.com.br\/index.php?rest_route=%2Fwp%2Fv2%2Fproduct_cat&post=593"},{"taxonomy":"product_tag","embeddable":true,"href":"https:\/\/assulba.com.br\/index.php?rest_route=%2Fwp%2Fv2%2Fproduct_tag&post=593"}],"curies":[{"name":"wp","href":"https:\/\/api.w.org\/{rel}","templated":true}]}}