{"id":589,"date":"2017-11-13T21:15:12","date_gmt":"2017-11-14T00:15:12","guid":{"rendered":"http:\/\/assulba.com.br\/?post_type=product&#038;p=589"},"modified":"2024-03-17T01:02:27","modified_gmt":"2024-03-17T04:02:27","slug":"coletor-fibra-palhacinho-1012","status":"publish","type":"product","link":"https:\/\/assulba.com.br\/?product=coletor-fibra-palhacinho-1012","title":{"rendered":"Lixeira em fibra Palhacinho 30L"},"content":{"rendered":"","protected":false},"excerpt":{"rendered":"<p>REF. 1031<\/p>\n<p>Laminados em resina de poli\u00e9ster refor\u00e7ados com \ufb01bra de vidro, cabe\u00e7as remov\u00edveis (tampas de encaixe), com anel interno de a\u00e7o, para \ufb01xa\u00e7\u00e3o do saco de lixo.<\/p>\n<p>\u00d8 38 x 69 cm, 30 litros<\/p>\n","protected":false},"featured_media":2495,"template":"","meta":[],"product_brand":[],"product_cat":[21,317],"product_tag":[88,89,70],"class_list":{"0":"post-589","1":"product","2":"type-product","3":"status-publish","4":"has-post-thumbnail","6":"product_cat-cat_lixeiras","7":"product_cat-cat_demaislixeiras","8":"product_tag-fibra","9":"product_tag-infantil","10":"product_tag-lixeiras","12":"first","13":"instock","14":"shipping-taxable","15":"purchasable","16":"product-type-simple"},"jetpack_sharing_enabled":true,"_links":{"self":[{"href":"https:\/\/assulba.com.br\/index.php?rest_route=\/wp\/v2\/product\/589","targetHints":{"allow":["GET"]}}],"collection":[{"href":"https:\/\/assulba.com.br\/index.php?rest_route=\/wp\/v2\/product"}],"about":[{"href":"https:\/\/assulba.com.br\/index.php?rest_route=\/wp\/v2\/types\/product"}],"wp:featuredmedia":[{"embeddable":true,"href":"https:\/\/assulba.com.br\/index.php?rest_route=\/wp\/v2\/media\/2495"}],"wp:attachment":[{"href":"https:\/\/assulba.com.br\/index.php?rest_route=%2Fwp%2Fv2%2Fmedia&parent=589"}],"wp:term":[{"taxonomy":"product_brand","embeddable":true,"href":"https:\/\/assulba.com.br\/index.php?rest_route=%2Fwp%2Fv2%2Fproduct_brand&post=589"},{"taxonomy":"product_cat","embeddable":true,"href":"https:\/\/assulba.com.br\/index.php?rest_route=%2Fwp%2Fv2%2Fproduct_cat&post=589"},{"taxonomy":"product_tag","embeddable":true,"href":"https:\/\/assulba.com.br\/index.php?rest_route=%2Fwp%2Fv2%2Fproduct_tag&post=589"}],"curies":[{"name":"wp","href":"https:\/\/api.w.org\/{rel}","templated":true}]}}